{"id":2488,"date":"2023-11-20T06:43:49","date_gmt":"2023-11-20T06:43:49","guid":{"rendered":"https:\/\/jba.es\/producto\/aparato-maximpact\/"},"modified":"2025-09-26T10:38:31","modified_gmt":"2025-09-26T10:38:31","slug":"aparato-maximpact","status":"publish","type":"product","link":"https:\/\/jba.es\/ca\/producto\/aparato-maximpact\/","title":{"rendered":"Aparell Maximpact"},"content":{"rendered":"<section class=\"wpb-content-wrapper\">[vc_section css_animation=&#8221;fadeIn&#8221; css=&#8221;.vc_custom_1695714363514{padding-top: 5% !important;padding-bottom: 5% !important;background-color: #ffffff !important;}&#8221;][vc_row][vc_column][vc_tta_tour style=&#8221;total&#8221; spacing=&#8221;5&#8243; gap=&#8221;10&#8243; active_section=&#8221;1&#8243; el_class=&#8221;tabs-fitxa-tecnica&#8221;][vc_tta_section title=&#8221;DADES T\u00c8CNIQUES&#8221; tab_id=&#8221;1695636218015-5cae9a6a-8595&#8243;][vc_column_text]\n<div class=\"table-responsive-xl\">\n<table class=\"table table-striped\">\n<thead>\n<tr>\n<th scope=\"col\">Model<\/th>\n<th scope=\"col\">760T<\/th>\n<\/tr>\n<\/thead>\n<tbody>\n<tr>\n<th scope=\"row\">Energia M\u00e0xima \u2013 Maximum Energy (J)<\/th>\n<td>300<\/td>\n<\/tr>\n<tr>\n<th scope=\"row\">Al\u00e7ada caiguda m\u00e0x. (mm) \u2013 Max. drop Heights (mm)<\/th>\n<td>Programable fins 2 m &#8211; Setting up 2 m<\/td>\n<\/tr>\n<tr>\n<th scope=\"row\">Protecci\u00f3 \u2013 Protection<\/th>\n<td>Si &#8211; Yes<\/td>\n<\/tr>\n<tr>\n<th scope=\"row\">Elevaci\u00f3 \u2013 Lift system<\/th>\n<td>El\u00e8ctrica &#8211; Electric<\/td>\n<\/tr>\n<tr>\n<th scope=\"row\">Tipus Tret \u2013 Release type<\/th>\n<td>Electroimant<\/td>\n<\/tr>\n<tr>\n<th scope=\"row\">Alt \u2013 Height (m)<\/th>\n<td>3,6<\/td>\n<\/tr>\n<tr>\n<th scope=\"row\">Ample \u2013 Width (m)<\/th>\n<td>0,8<\/td>\n<\/tr>\n<tr>\n<th scope=\"row\">Profunditat \u2013 Depth (m)<\/th>\n<td>0,6<\/td>\n<\/tr>\n<tr>\n<th scope=\"row\">Pes \u2013 Weight (kg)<\/th>\n<td>1 Bar Aire (lliure d&#8217;aigua i olis)<\/td>\n<\/tr>\n<tr>\n<th scope=\"row\">Tensi\u00f3 (V) \u2013 Consum(A)<\/th>\n<td>230 \u2013 10<\/td>\n<\/tr>\n<\/tbody>\n<\/table>\n<\/div>\n[\/vc_column_text]<div class=\"vcex-spacing wpex-w-100 wpex-clear\" style=\"height:20px;\"><\/div>[vc_column_text]<strong>* Segons comanda es pot subministrar model de curt recorregut.<\/strong>[\/vc_column_text][\/vc_tta_section][vc_tta_section title=&#8221;OPCIONS&#8221; tab_id=&#8221;1695636218034-06ec4354-6d20&#8243; el_class=&#8221;tab-no-active&#8221;][vc_column_text align=&#8221;left&#8221; width=&#8221;600px&#8221;]\n<div class=\"table-responsive-xl\">\n<table class=\"table table-striped\">\n<thead>\n<tr>\n<th scope=\"col\">Refer\u00e8ncia<\/th>\n<th scope=\"col\">Descripci\u00f3 &#8211; Description<\/th>\n<\/tr>\n<\/thead>\n<tbody>\n<tr>\n<th scope=\"row\">D25-08<\/th>\n<td>Percutor d&#8217;impacte \u2013 Drop Head<\/p>\n<p>Di\u00e0metre \u2013 Diameter 25mm<\/p>\n<p>Massa \u2013 Mass 0,25kg<\/p>\n<p>Joc masses per fer impactes \u2013 Kit of drop mass 0,25Kg \u2013 0,5Kg \u2013 0,8Kg<\/td>\n<\/tr>\n<tr>\n<th scope=\"row\">D90-25<\/th>\n<td>Percutor d&#8217;impacte \u2013 Drop Head<\/p>\n<p>Di\u00e0metre \u2013 Diameter 90 mm<\/p>\n<p>Massa &#8211; Mass 1 Kg<\/p>\n<p>Joc masses per fer impactes \u2013 Kit of drop mass 1Kg \u2013 1,25Kg \u2013 1,6Kg \u2013 2Kg \u2013 2,5Kg<\/td>\n<\/tr>\n<tr>\n<th scope=\"row\">D90-160<\/th>\n<td>Percutor d&#8217;impacte \u2013 Drop Head<\/p>\n<p>Di\u00e8metre \u2013 Diameter 90 mm<\/p>\n<p>Massa \u2013 Mass 3,2 Kg<\/p>\n<p>Joc masses per fer impactes \u2013 Kit of drop mass 3,2Kg \u2013 4Kg \u2013 5Kg \u2013 6,3Kg \u2013 8Kg \u2013 10Kg \u2013 12,5Kg \u2013 16Kg<\/td>\n<\/tr>\n<tr>\n<th scope=\"row\">V20-200<\/th>\n<td>Suport en forma de \u201cV\u201d \u2013 Support on \u201cV\u201d shape<\/p>\n<p>Di\u00e0metre m\u00ednim de tub \u2013 Minimum diameter of pipe : 20 mm<\/p>\n<p>Di\u00e0metre m\u00e0xim de tub \u2013 Maximum diameter of pipe: 200 mm<\/p>\n<p>Longitud tub \u2013 Large of pipe : 200 mm<\/td>\n<\/tr>\n<tr>\n<th scope=\"row\">V200-400<\/th>\n<td>Suport en forma de \u201cV\u201d \u2013 Support on \u201cV\u201d shape<\/p>\n<p>Di\u00e0metre m\u00ednim de tub \u2013 Minimum diameter of pipe: 200 mm<\/p>\n<p>Di\u00e0metre m\u00e0xim de tub \u2013 Maximum diameter of pipe: 400 mm<\/p>\n<p>Longitud tub \u2013 Large of pipe: 200 mm<\/td>\n<\/tr>\n<tr>\n<th scope=\"row\">V400-600<\/th>\n<td>Suport en forma de \u201cV\u201d \u2013 Support on \u201cV\u201d shape<\/p>\n<p>Di\u00e0metre m\u00ednim de tub \u2013 Minimum diameter of pipe: 400 mm<\/p>\n<p>Di\u00e0metre m\u00e0xim de tub \u2013 Maximum diameter of pipe: 600 mm<\/p>\n<p>Longitud tub \u2013 Large of pipe: 200 mm<\/td>\n<\/tr>\n<\/tbody>\n<\/table>\n<\/div>\n[\/vc_column_text][\/vc_tta_section][\/vc_tta_tour][\/vc_column][\/vc_row][\/vc_section][vc_row remove_bottom_col_margin=&#8221;true&#8221;][vc_column]<div class=\"templatera_shortcode\"><style type=\"text\/css\" data-type=\"vc_shortcodes-custom-css\">.vc_custom_1705047938305{border-top-width: 1px !important;border-bottom-width: 1px !important;padding-top: 90px !important;padding-bottom: 90px !important;background-color: #f5f5f5 !important;border-top-color: #ededed !important;border-top-style: solid !important;border-bottom-color: #ededed !important;border-bottom-style: solid !important;}.vc_custom_1757324462636{padding-bottom: 15px !important;}<\/style>[vc_row full_width=\"stretch_row\" parallax=\"content-moving\" parallax_image=\"647\" parallax_speed_bg=\"1.6\" wpex_bg_overlay=\"dark\" remove_bottom_col_margin=\"true\" css=\".vc_custom_1705047938305{border-top-width: 1px !important;border-bottom-width: 1px !important;padding-top: 90px !important;padding-bottom: 90px !important;background-color: #f5f5f5 !important;border-top-color: #ededed !important;border-top-style: solid !important;border-bottom-color: #ededed !important;border-bottom-style: solid !important;}\" wpex_bg_overlay_color=\"#000000\" wpex_bg_overlay_opacity=\"0.65\"][vc_column]<style>.vcex-heading.vcex_69fcb6e940ab8{width:600px;color:#ffffff;font-size:32px;font-weight:400;text-transform:uppercase;}<\/style><h2 class=\"vcex-heading vcex-heading-plain vcex-module wpex-text-2xl wpex-font-normal wpex-text-center wpex-max-w-100 wpex-mx-auto vc_custom_1757324462636 vcex_69fcb6e940ab8\"><span class=\"vcex-heading-inner wpex-inline-block\">NECESSITA M\u00c9S INFORMACI\u00d3 SOBRE LES NOSTRES M\u00c0QUINES?<\/span><\/h2>[vc_column_text text_align=\"center\" font_weight=\"300\" color=\"#ffffff\" font_size=\"18px\" width=\"700px\"]\r\n<p style=\"text-align: center;\">Podem realitzar demostracions de les nostres m\u00e0quines d'assajos, aix\u00ed com dels seus accessoris en les nostres instal\u00b7lacions. Contacti amb nosaltres i l'assessorarem en el que necessiti.<\/p>\r\n[\/vc_column_text]<div class=\"vcex-spacing wpex-w-100 wpex-clear\"><\/div><div class=\"theme-button-wrap textcenter wpex-clr\"><a href=\"\/ca\/contacte\/\" class=\"vcex-button theme-button align-center inline\" style=\"background:rgba(255,255,255,0.01);color:#ffffff;border:1px solid #ffffff;font-size:16px;font-weight:400;\" data-wpex-hover='{&quot;background&quot;:&quot;#ffffff&quot;,&quot;color&quot;:&quot;#1f214e&quot;}' title=\"Contacte\" rel=\"nofollow\"><span class=\"vcex-button-inner theme-button-inner\">Contacti amb nosaltres<span class=\"vcex-button-icon vcex-icon-wrap theme-button-icon-right\"><span class=\"ticon ticon-long-arrow-right\" aria-hidden=\"true\"><\/span><\/span><\/span><\/a><\/div> [\/vc_column][\/vc_row]<\/div>[\/vc_column][\/vc_row]\n<\/section>","protected":false},"excerpt":{"rendered":"<p>Assaig d&#8217;Impacte per a tubs de pl\u00e0stic.<br \/>\nM\u00e8tode d&#8217;assaig de resist\u00e8ncia a xocs externs pel m\u00e8tode de l&#8217;esfera de rellotge.<br \/>\nM\u00e8tode d&#8217;assaig de resist\u00e8ncia a xocs externs pel m\u00e8tode de l&#8217;escala.<\/p>\n","protected":false},"featured_media":1986,"comment_status":"open","ping_status":"closed","template":"","meta":{"_acf_changed":false},"product_cat":[165,141],"product_tag":[],"acf":[],"yoast_head":"<!-- This site is optimized with the Yoast SEO plugin v22.2 - https:\/\/yoast.com\/wordpress\/plugins\/seo\/ -->\n<title>Aparell Maximpact - Instruments J. Bot<\/title>\n<meta name=\"robots\" content=\"index, follow, max-snippet:-1, max-image-preview:large, max-video-preview:-1\" \/>\n<link rel=\"canonical\" href=\"https:\/\/jba.es\/ca\/producto\/aparato-maximpact\/\" \/>\n<meta property=\"og:locale\" content=\"ca_ES\" \/>\n<meta property=\"og:type\" content=\"article\" \/>\n<meta property=\"og:title\" content=\"Aparell Maximpact - Instruments J. Bot\" \/>\n<meta property=\"og:description\" content=\"Assaig d&#039;Impacte per a tubs de pl\u00e0stic. M\u00e8tode d&#039;assaig de resist\u00e8ncia a xocs externs pel m\u00e8tode de l&#039;esfera de rellotge. M\u00e8tode d&#039;assaig de resist\u00e8ncia a xocs externs pel m\u00e8tode de l&#039;escala.\" \/>\n<meta property=\"og:url\" content=\"https:\/\/jba.es\/ca\/producto\/aparato-maximpact\/\" \/>\n<meta property=\"og:site_name\" content=\"Instruments J. Bot\" \/>\n<meta property=\"article:modified_time\" content=\"2025-09-26T10:38:31+00:00\" \/>\n<meta property=\"og:image\" content=\"https:\/\/jba.es\/wp-content\/uploads\/2023\/11\/760T-scaled.jpg\" \/>\n\t<meta property=\"og:image:width\" content=\"922\" \/>\n\t<meta property=\"og:image:height\" content=\"2560\" \/>\n\t<meta property=\"og:image:type\" content=\"image\/jpeg\" \/>\n<meta name=\"twitter:card\" content=\"summary_large_image\" \/>\n<meta name=\"twitter:label1\" content=\"Temps estimat de lectura\" \/>\n\t<meta name=\"twitter:data1\" content=\"2 minuts\" \/>\n<script type=\"application\/ld+json\" class=\"yoast-schema-graph\">{\"@context\":\"https:\/\/schema.org\",\"@graph\":[{\"@type\":\"WebPage\",\"@id\":\"https:\/\/jba.es\/ca\/producto\/aparato-maximpact\/\",\"url\":\"https:\/\/jba.es\/ca\/producto\/aparato-maximpact\/\",\"name\":\"Aparell Maximpact - Instruments J. Bot\",\"isPartOf\":{\"@id\":\"https:\/\/jba.es\/#website\"},\"primaryImageOfPage\":{\"@id\":\"https:\/\/jba.es\/ca\/producto\/aparato-maximpact\/#primaryimage\"},\"image\":{\"@id\":\"https:\/\/jba.es\/ca\/producto\/aparato-maximpact\/#primaryimage\"},\"thumbnailUrl\":\"https:\/\/jba.es\/wp-content\/uploads\/2023\/11\/760T-scaled.jpg\",\"datePublished\":\"2023-11-20T06:43:49+00:00\",\"dateModified\":\"2025-09-26T10:38:31+00:00\",\"breadcrumb\":{\"@id\":\"https:\/\/jba.es\/ca\/producto\/aparato-maximpact\/#breadcrumb\"},\"inLanguage\":\"ca\",\"potentialAction\":[{\"@type\":\"ReadAction\",\"target\":[\"https:\/\/jba.es\/ca\/producto\/aparato-maximpact\/\"]}]},{\"@type\":\"ImageObject\",\"inLanguage\":\"ca\",\"@id\":\"https:\/\/jba.es\/ca\/producto\/aparato-maximpact\/#primaryimage\",\"url\":\"https:\/\/jba.es\/wp-content\/uploads\/2023\/11\/760T-scaled.jpg\",\"contentUrl\":\"https:\/\/jba.es\/wp-content\/uploads\/2023\/11\/760T-scaled.jpg\",\"width\":922,\"height\":2560},{\"@type\":\"BreadcrumbList\",\"@id\":\"https:\/\/jba.es\/ca\/producto\/aparato-maximpact\/#breadcrumb\",\"itemListElement\":[{\"@type\":\"ListItem\",\"position\":1,\"name\":\"Home\",\"item\":\"https:\/\/jba.es\/ca\/\"},{\"@type\":\"ListItem\",\"position\":2,\"name\":\"Productos\",\"item\":\"https:\/\/jba.es\/ca\/productos\/\"},{\"@type\":\"ListItem\",\"position\":3,\"name\":\"Aparell Maximpact\"}]},{\"@type\":\"WebSite\",\"@id\":\"https:\/\/jba.es\/#website\",\"url\":\"https:\/\/jba.es\/\",\"name\":\"Instruments J. Bot\",\"description\":\"fabricaci\u00f3n de aparatos para ensayos f\u00edsicos y control de calidad de materiales\",\"publisher\":{\"@id\":\"https:\/\/jba.es\/#organization\"},\"potentialAction\":[{\"@type\":\"SearchAction\",\"target\":{\"@type\":\"EntryPoint\",\"urlTemplate\":\"https:\/\/jba.es\/?s={search_term_string}\"},\"query-input\":\"required name=search_term_string\"}],\"inLanguage\":\"ca\"},{\"@type\":\"Organization\",\"@id\":\"https:\/\/jba.es\/#organization\",\"name\":\"Instruments J. Bot\",\"url\":\"https:\/\/jba.es\/\",\"logo\":{\"@type\":\"ImageObject\",\"inLanguage\":\"ca\",\"@id\":\"https:\/\/jba.es\/#\/schema\/logo\/image\/\",\"url\":\"https:\/\/jba.es\/wp-content\/uploads\/2023\/10\/logo_sense_fons-1.png\",\"contentUrl\":\"https:\/\/jba.es\/wp-content\/uploads\/2023\/10\/logo_sense_fons-1.png\",\"width\":224,\"height\":104,\"caption\":\"Instruments J. Bot\"},\"image\":{\"@id\":\"https:\/\/jba.es\/#\/schema\/logo\/image\/\"}}]}<\/script>\n<!-- \/ Yoast SEO plugin. -->","yoast_head_json":{"title":"Aparell Maximpact - Instruments J. Bot","robots":{"index":"index","follow":"follow","max-snippet":"max-snippet:-1","max-image-preview":"max-image-preview:large","max-video-preview":"max-video-preview:-1"},"canonical":"https:\/\/jba.es\/ca\/producto\/aparato-maximpact\/","og_locale":"ca_ES","og_type":"article","og_title":"Aparell Maximpact - Instruments J. Bot","og_description":"Assaig d'Impacte per a tubs de pl\u00e0stic. M\u00e8tode d'assaig de resist\u00e8ncia a xocs externs pel m\u00e8tode de l'esfera de rellotge. M\u00e8tode d'assaig de resist\u00e8ncia a xocs externs pel m\u00e8tode de l'escala.","og_url":"https:\/\/jba.es\/ca\/producto\/aparato-maximpact\/","og_site_name":"Instruments J. Bot","article_modified_time":"2025-09-26T10:38:31+00:00","og_image":[{"width":922,"height":2560,"url":"https:\/\/jba.es\/wp-content\/uploads\/2023\/11\/760T-scaled.jpg","type":"image\/jpeg"}],"twitter_card":"summary_large_image","twitter_misc":{"Temps estimat de lectura":"2 minuts"},"schema":{"@context":"https:\/\/schema.org","@graph":[{"@type":"WebPage","@id":"https:\/\/jba.es\/ca\/producto\/aparato-maximpact\/","url":"https:\/\/jba.es\/ca\/producto\/aparato-maximpact\/","name":"Aparell Maximpact - Instruments J. Bot","isPartOf":{"@id":"https:\/\/jba.es\/#website"},"primaryImageOfPage":{"@id":"https:\/\/jba.es\/ca\/producto\/aparato-maximpact\/#primaryimage"},"image":{"@id":"https:\/\/jba.es\/ca\/producto\/aparato-maximpact\/#primaryimage"},"thumbnailUrl":"https:\/\/jba.es\/wp-content\/uploads\/2023\/11\/760T-scaled.jpg","datePublished":"2023-11-20T06:43:49+00:00","dateModified":"2025-09-26T10:38:31+00:00","breadcrumb":{"@id":"https:\/\/jba.es\/ca\/producto\/aparato-maximpact\/#breadcrumb"},"inLanguage":"ca","potentialAction":[{"@type":"ReadAction","target":["https:\/\/jba.es\/ca\/producto\/aparato-maximpact\/"]}]},{"@type":"ImageObject","inLanguage":"ca","@id":"https:\/\/jba.es\/ca\/producto\/aparato-maximpact\/#primaryimage","url":"https:\/\/jba.es\/wp-content\/uploads\/2023\/11\/760T-scaled.jpg","contentUrl":"https:\/\/jba.es\/wp-content\/uploads\/2023\/11\/760T-scaled.jpg","width":922,"height":2560},{"@type":"BreadcrumbList","@id":"https:\/\/jba.es\/ca\/producto\/aparato-maximpact\/#breadcrumb","itemListElement":[{"@type":"ListItem","position":1,"name":"Home","item":"https:\/\/jba.es\/ca\/"},{"@type":"ListItem","position":2,"name":"Productos","item":"https:\/\/jba.es\/ca\/productos\/"},{"@type":"ListItem","position":3,"name":"Aparell Maximpact"}]},{"@type":"WebSite","@id":"https:\/\/jba.es\/#website","url":"https:\/\/jba.es\/","name":"Instruments J. Bot","description":"fabricaci\u00f3n de aparatos para ensayos f\u00edsicos y control de calidad de materiales","publisher":{"@id":"https:\/\/jba.es\/#organization"},"potentialAction":[{"@type":"SearchAction","target":{"@type":"EntryPoint","urlTemplate":"https:\/\/jba.es\/?s={search_term_string}"},"query-input":"required name=search_term_string"}],"inLanguage":"ca"},{"@type":"Organization","@id":"https:\/\/jba.es\/#organization","name":"Instruments J. Bot","url":"https:\/\/jba.es\/","logo":{"@type":"ImageObject","inLanguage":"ca","@id":"https:\/\/jba.es\/#\/schema\/logo\/image\/","url":"https:\/\/jba.es\/wp-content\/uploads\/2023\/10\/logo_sense_fons-1.png","contentUrl":"https:\/\/jba.es\/wp-content\/uploads\/2023\/10\/logo_sense_fons-1.png","width":224,"height":104,"caption":"Instruments J. Bot"},"image":{"@id":"https:\/\/jba.es\/#\/schema\/logo\/image\/"}}]}},"_links":{"self":[{"href":"https:\/\/jba.es\/ca\/wp-json\/wp\/v2\/product\/2488"}],"collection":[{"href":"https:\/\/jba.es\/ca\/wp-json\/wp\/v2\/product"}],"about":[{"href":"https:\/\/jba.es\/ca\/wp-json\/wp\/v2\/types\/product"}],"replies":[{"embeddable":true,"href":"https:\/\/jba.es\/ca\/wp-json\/wp\/v2\/comments?post=2488"}],"wp:featuredmedia":[{"embeddable":true,"href":"https:\/\/jba.es\/ca\/wp-json\/wp\/v2\/media\/1986"}],"wp:attachment":[{"href":"https:\/\/jba.es\/ca\/wp-json\/wp\/v2\/media?parent=2488"}],"wp:term":[{"taxonomy":"product_cat","embeddable":true,"href":"https:\/\/jba.es\/ca\/wp-json\/wp\/v2\/product_cat?post=2488"},{"taxonomy":"product_tag","embeddable":true,"href":"https:\/\/jba.es\/ca\/wp-json\/wp\/v2\/product_tag?post=2488"}],"curies":[{"name":"wp","href":"https:\/\/api.w.org\/{rel}","templated":true}]}}