{"id":2480,"date":"2023-11-20T06:43:51","date_gmt":"2023-11-20T06:43:51","guid":{"rendered":"https:\/\/jba.es\/producto\/cabina-llama-de-1-kw\/"},"modified":"2025-09-26T07:58:19","modified_gmt":"2025-09-26T07:58:19","slug":"cabina-llama-de-1-kw","status":"publish","type":"product","link":"https:\/\/jba.es\/ca\/producto\/cabina-llama-de-1-kw\/","title":{"rendered":"Cabina llama de 1 KW"},"content":{"rendered":"<section class=\"wpb-content-wrapper\">[vc_section css_animation=&#8221;fadeIn&#8221; css=&#8221;.vc_custom_1695714363514{padding-top: 5% !important;padding-bottom: 5% !important;background-color: #ffffff !important;}&#8221;][vc_row][vc_column][vc_tta_tour style=&#8221;total&#8221; spacing=&#8221;5&#8243; gap=&#8221;10&#8243; active_section=&#8221;1&#8243; el_class=&#8221;tabs-fitxa-tecnica&#8221;][vc_tta_section title=&#8221;DADES T\u00c8CNIQUES&#8221; tab_id=&#8221;1695636218015-5cae9a6a-8595&#8243;][vc_column_text]\n<div class=\"table-responsive-xl\">\n<table class=\"table table-striped\">\n<thead>\n<tr>\n<th scope=\"col\">Model<\/th>\n<th scope=\"col\">742<\/th>\n<\/tr>\n<\/thead>\n<tbody>\n<tr>\n<th scope=\"row\">Pantalla Inox304<\/th>\n<td>1200x300x350mm<\/td>\n<\/tr>\n<tr>\n<th scope=\"row\">Suport ajustable per a pinces subjecci\u00f3 del cable el\u00e8ctric<\/th>\n<td><\/td>\n<\/tr>\n<tr>\n<th scope=\"row\">Cremador tipus premescla<\/th>\n<td>1 KW<\/td>\n<\/tr>\n<tr>\n<th scope=\"row\">Suporti cremador<\/th>\n<td>45\u00ba<\/td>\n<\/tr>\n<tr>\n<th scope=\"row\">Bloc de coure amb termoparell per al calibratge<\/th>\n<td><\/td>\n<\/tr>\n<tr>\n<th scope=\"row\">Cabal\u00edmetre Aire amb v\u00e0lvula de regulaci\u00f3<\/th>\n<td><span data-sheets-root=\"1\" data-sheets-value=\"{&quot;1&quot;:2,&quot;2&quot;:&quot;desde 1,4 a 25l\/min&quot;}\" data-sheets-userformat=\"{&quot;2&quot;:14591,&quot;3&quot;:{&quot;1&quot;:0,&quot;3&quot;:1},&quot;4&quot;:{&quot;1&quot;:2,&quot;2&quot;:16777215},&quot;5&quot;:{&quot;1&quot;:[{&quot;1&quot;:2,&quot;2&quot;:0,&quot;5&quot;:{&quot;1&quot;:0}},{&quot;1&quot;:0,&quot;2&quot;:0,&quot;3&quot;:3},{&quot;1&quot;:1,&quot;2&quot;:0,&quot;4&quot;:1}]},&quot;6&quot;:{&quot;1&quot;:[{&quot;1&quot;:2,&quot;2&quot;:0,&quot;5&quot;:{&quot;1&quot;:0}},{&quot;1&quot;:0,&quot;2&quot;:0,&quot;3&quot;:3},{&quot;1&quot;:1,&quot;2&quot;:0,&quot;4&quot;:1}]},&quot;7&quot;:{&quot;1&quot;:[{&quot;1&quot;:2,&quot;2&quot;:0,&quot;5&quot;:{&quot;1&quot;:0}},{&quot;1&quot;:0,&quot;2&quot;:0,&quot;3&quot;:3},{&quot;1&quot;:1,&quot;2&quot;:0,&quot;4&quot;:1}]},&quot;8&quot;:{&quot;1&quot;:[{&quot;1&quot;:2,&quot;2&quot;:0,&quot;5&quot;:{&quot;1&quot;:0}},{&quot;1&quot;:0,&quot;2&quot;:0,&quot;3&quot;:3},{&quot;1&quot;:1,&quot;2&quot;:0,&quot;4&quot;:1}]},&quot;9&quot;:0,&quot;10&quot;:0,&quot;14&quot;:{&quot;1&quot;:2,&quot;2&quot;:0},&quot;15&quot;:&quot;inherit&quot;,&quot;16&quot;:10}\">desde 1,4 a 25l\/min<\/span><\/td>\n<td>Microruptores<\/td>\n<\/tr>\n<tr>\n<th scope=\"row\">Cabal\u00edmetre Prop\u00e0 amb v\u00e0lvula de regulaci\u00f3<\/th>\n<td>desde 70 a 1400ml\/min<\/td>\n<\/tr>\n<tr>\n<th scope=\"row\">Capacitat Man\u00f2metres<\/th>\n<td>0,06Mpa<\/td>\n<\/tr>\n<tr>\n<th scope=\"row\">Precisi\u00f3 Man\u00f2metres<\/th>\n<td>1%<\/td>\n<\/tr>\n<tr>\n<th scope=\"row\">V\u00e0lvules de pas obert-tancat<\/th>\n<td>2<\/td>\n<\/tr>\n<tr>\n<th scope=\"row\">Pressi\u00f3 Aire<\/th>\n<td>1 Bar Aire (libre de agua y aceites)<\/td>\n<\/tr>\n<tr>\n<th scope=\"row\">Pressi\u00f3 Prop\u00e0<\/th>\n<td>1 Bar Propano<\/td>\n<\/tr>\n<tr>\n<th scope=\"row\">Al\u00e7ada<\/th>\n<td>1210mm<\/td>\n<\/tr>\n<tr>\n<th scope=\"row\">Ample<\/th>\n<td>500mm<\/td>\n<\/tr>\n<tr>\n<th scope=\"row\">Ample<\/th>\n<td>525mm<\/td>\n<\/tr>\n<\/tbody>\n<\/table>\n<\/div>\n[\/vc_column_text]<div class=\"vcex-spacing wpex-w-100 wpex-clear\" style=\"height:20px;\"><\/div>[vc_column_text]<strong>* Segons comanda pot subministrar-se model de curt recorregut.<\/strong>[\/vc_column_text][\/vc_tta_section][\/vc_tta_tour][\/vc_column][\/vc_row][\/vc_section][vc_row remove_bottom_col_margin=&#8221;true&#8221;][vc_column]<div class=\"templatera_shortcode\"><style type=\"text\/css\" data-type=\"vc_shortcodes-custom-css\">.vc_custom_1705047938305{border-top-width: 1px !important;border-bottom-width: 1px !important;padding-top: 90px !important;padding-bottom: 90px !important;background-color: #f5f5f5 !important;border-top-color: #ededed !important;border-top-style: solid !important;border-bottom-color: #ededed !important;border-bottom-style: solid !important;}.vc_custom_1757324462636{padding-bottom: 15px !important;}<\/style>[vc_row full_width=\"stretch_row\" parallax=\"content-moving\" parallax_image=\"647\" parallax_speed_bg=\"1.6\" wpex_bg_overlay=\"dark\" remove_bottom_col_margin=\"true\" css=\".vc_custom_1705047938305{border-top-width: 1px !important;border-bottom-width: 1px !important;padding-top: 90px !important;padding-bottom: 90px !important;background-color: #f5f5f5 !important;border-top-color: #ededed !important;border-top-style: solid !important;border-bottom-color: #ededed !important;border-bottom-style: solid !important;}\" wpex_bg_overlay_color=\"#000000\" wpex_bg_overlay_opacity=\"0.65\"][vc_column]<style>.vcex-heading.vcex_69ded13bcbbbe{width:600px;color:#ffffff;font-size:32px;font-weight:400;text-transform:uppercase;}<\/style><h2 class=\"vcex-heading vcex-heading-plain vcex-module wpex-text-2xl wpex-font-normal wpex-text-center wpex-max-w-100 wpex-mx-auto vc_custom_1757324462636 vcex_69ded13bcbbbe\"><span class=\"vcex-heading-inner wpex-inline-block\">NECESSITA M\u00c9S INFORMACI\u00d3 SOBRE LES NOSTRES M\u00c0QUINES?<\/span><\/h2>[vc_column_text text_align=\"center\" font_weight=\"300\" color=\"#ffffff\" font_size=\"18px\" width=\"700px\"]\r\n<p style=\"text-align: center;\">Podem realitzar demostracions de les nostres m\u00e0quines d'assajos, aix\u00ed com dels seus accessoris en les nostres instal\u00b7lacions. Contacti amb nosaltres i l'assessorarem en el que necessiti.<\/p>\r\n[\/vc_column_text]<div class=\"vcex-spacing wpex-w-100 wpex-clear\"><\/div><div class=\"theme-button-wrap textcenter wpex-clr\"><a href=\"\/ca\/contacte\/\" class=\"vcex-button theme-button align-center inline\" style=\"background:rgba(255,255,255,0.01);color:#ffffff;border:1px solid #ffffff;font-size:16px;font-weight:400;\" data-wpex-hover='{&quot;background&quot;:&quot;#ffffff&quot;,&quot;color&quot;:&quot;#1f214e&quot;}' title=\"Contacte\" rel=\"nofollow\"><span class=\"vcex-button-inner theme-button-inner\">Contacti amb nosaltres<span class=\"vcex-button-icon vcex-icon-wrap theme-button-icon-right\"><span class=\"ticon ticon-long-arrow-right\" aria-hidden=\"true\"><\/span><\/span><\/span><\/a><\/div> [\/vc_column][\/vc_row]<\/div>[\/vc_column][\/vc_row]\n<\/section>","protected":false},"excerpt":{"rendered":"<p>Equip per a l&#8217;assaig de reacci\u00f3 al foc en cables el\u00e8ctrics i cables de fibra \u00f2ptica.<br \/>\nAssaig de resist\u00e8ncia a la propagaci\u00f3 vertical de la flama per a un conductor individual a\u00efllat o del cable.<\/p>\n","protected":false},"featured_media":1978,"comment_status":"open","ping_status":"closed","template":"","meta":{"_acf_changed":false},"product_cat":[143],"product_tag":[],"acf":[],"yoast_head":"<!-- This site is optimized with the Yoast SEO plugin v22.2 - https:\/\/yoast.com\/wordpress\/plugins\/seo\/ -->\n<title>Cabina llama de 1 KW - Instruments J. Bot<\/title>\n<meta name=\"robots\" content=\"index, follow, max-snippet:-1, max-image-preview:large, max-video-preview:-1\" \/>\n<link rel=\"canonical\" href=\"https:\/\/jba.es\/ca\/producto\/cabina-llama-de-1-kw\/\" \/>\n<meta property=\"og:locale\" content=\"ca_ES\" \/>\n<meta property=\"og:type\" content=\"article\" \/>\n<meta property=\"og:title\" content=\"Cabina llama de 1 KW - Instruments J. Bot\" \/>\n<meta property=\"og:description\" content=\"Equip per a l&#039;assaig de reacci\u00f3 al foc en cables el\u00e8ctrics i cables de fibra \u00f2ptica. Assaig de resist\u00e8ncia a la propagaci\u00f3 vertical de la flama per a un conductor individual a\u00efllat o del cable.\" \/>\n<meta property=\"og:url\" content=\"https:\/\/jba.es\/ca\/producto\/cabina-llama-de-1-kw\/\" \/>\n<meta property=\"og:site_name\" content=\"Instruments J. Bot\" \/>\n<meta property=\"article:modified_time\" content=\"2025-09-26T07:58:19+00:00\" \/>\n<meta property=\"og:image\" content=\"https:\/\/jba.es\/wp-content\/uploads\/2023\/11\/742-scaled.jpg\" \/>\n\t<meta property=\"og:image:width\" content=\"960\" \/>\n\t<meta property=\"og:image:height\" content=\"2560\" \/>\n\t<meta property=\"og:image:type\" content=\"image\/jpeg\" \/>\n<meta name=\"twitter:card\" content=\"summary_large_image\" \/>\n<meta name=\"twitter:label1\" content=\"Temps estimat de lectura\" \/>\n\t<meta name=\"twitter:data1\" content=\"1 minut\" \/>\n<script type=\"application\/ld+json\" class=\"yoast-schema-graph\">{\"@context\":\"https:\/\/schema.org\",\"@graph\":[{\"@type\":\"WebPage\",\"@id\":\"https:\/\/jba.es\/ca\/producto\/cabina-llama-de-1-kw\/\",\"url\":\"https:\/\/jba.es\/ca\/producto\/cabina-llama-de-1-kw\/\",\"name\":\"Cabina llama de 1 KW - Instruments J. Bot\",\"isPartOf\":{\"@id\":\"https:\/\/jba.es\/#website\"},\"primaryImageOfPage\":{\"@id\":\"https:\/\/jba.es\/ca\/producto\/cabina-llama-de-1-kw\/#primaryimage\"},\"image\":{\"@id\":\"https:\/\/jba.es\/ca\/producto\/cabina-llama-de-1-kw\/#primaryimage\"},\"thumbnailUrl\":\"https:\/\/jba.es\/wp-content\/uploads\/2023\/11\/742-scaled.jpg\",\"datePublished\":\"2023-11-20T06:43:51+00:00\",\"dateModified\":\"2025-09-26T07:58:19+00:00\",\"breadcrumb\":{\"@id\":\"https:\/\/jba.es\/ca\/producto\/cabina-llama-de-1-kw\/#breadcrumb\"},\"inLanguage\":\"ca\",\"potentialAction\":[{\"@type\":\"ReadAction\",\"target\":[\"https:\/\/jba.es\/ca\/producto\/cabina-llama-de-1-kw\/\"]}]},{\"@type\":\"ImageObject\",\"inLanguage\":\"ca\",\"@id\":\"https:\/\/jba.es\/ca\/producto\/cabina-llama-de-1-kw\/#primaryimage\",\"url\":\"https:\/\/jba.es\/wp-content\/uploads\/2023\/11\/742-scaled.jpg\",\"contentUrl\":\"https:\/\/jba.es\/wp-content\/uploads\/2023\/11\/742-scaled.jpg\",\"width\":960,\"height\":2560},{\"@type\":\"BreadcrumbList\",\"@id\":\"https:\/\/jba.es\/ca\/producto\/cabina-llama-de-1-kw\/#breadcrumb\",\"itemListElement\":[{\"@type\":\"ListItem\",\"position\":1,\"name\":\"Home\",\"item\":\"https:\/\/jba.es\/ca\/\"},{\"@type\":\"ListItem\",\"position\":2,\"name\":\"Productos\",\"item\":\"https:\/\/jba.es\/ca\/productos\/\"},{\"@type\":\"ListItem\",\"position\":3,\"name\":\"Cabina llama de 1 KW\"}]},{\"@type\":\"WebSite\",\"@id\":\"https:\/\/jba.es\/#website\",\"url\":\"https:\/\/jba.es\/\",\"name\":\"Instruments J. Bot\",\"description\":\"fabricaci\u00f3n de aparatos para ensayos f\u00edsicos y control de calidad de materiales\",\"publisher\":{\"@id\":\"https:\/\/jba.es\/#organization\"},\"potentialAction\":[{\"@type\":\"SearchAction\",\"target\":{\"@type\":\"EntryPoint\",\"urlTemplate\":\"https:\/\/jba.es\/?s={search_term_string}\"},\"query-input\":\"required name=search_term_string\"}],\"inLanguage\":\"ca\"},{\"@type\":\"Organization\",\"@id\":\"https:\/\/jba.es\/#organization\",\"name\":\"Instruments J. Bot\",\"url\":\"https:\/\/jba.es\/\",\"logo\":{\"@type\":\"ImageObject\",\"inLanguage\":\"ca\",\"@id\":\"https:\/\/jba.es\/#\/schema\/logo\/image\/\",\"url\":\"https:\/\/jba.es\/wp-content\/uploads\/2023\/10\/logo_sense_fons-1.png\",\"contentUrl\":\"https:\/\/jba.es\/wp-content\/uploads\/2023\/10\/logo_sense_fons-1.png\",\"width\":224,\"height\":104,\"caption\":\"Instruments J. Bot\"},\"image\":{\"@id\":\"https:\/\/jba.es\/#\/schema\/logo\/image\/\"}}]}<\/script>\n<!-- \/ Yoast SEO plugin. -->","yoast_head_json":{"title":"Cabina llama de 1 KW - Instruments J. Bot","robots":{"index":"index","follow":"follow","max-snippet":"max-snippet:-1","max-image-preview":"max-image-preview:large","max-video-preview":"max-video-preview:-1"},"canonical":"https:\/\/jba.es\/ca\/producto\/cabina-llama-de-1-kw\/","og_locale":"ca_ES","og_type":"article","og_title":"Cabina llama de 1 KW - Instruments J. Bot","og_description":"Equip per a l'assaig de reacci\u00f3 al foc en cables el\u00e8ctrics i cables de fibra \u00f2ptica. Assaig de resist\u00e8ncia a la propagaci\u00f3 vertical de la flama per a un conductor individual a\u00efllat o del cable.","og_url":"https:\/\/jba.es\/ca\/producto\/cabina-llama-de-1-kw\/","og_site_name":"Instruments J. Bot","article_modified_time":"2025-09-26T07:58:19+00:00","og_image":[{"width":960,"height":2560,"url":"https:\/\/jba.es\/wp-content\/uploads\/2023\/11\/742-scaled.jpg","type":"image\/jpeg"}],"twitter_card":"summary_large_image","twitter_misc":{"Temps estimat de lectura":"1 minut"},"schema":{"@context":"https:\/\/schema.org","@graph":[{"@type":"WebPage","@id":"https:\/\/jba.es\/ca\/producto\/cabina-llama-de-1-kw\/","url":"https:\/\/jba.es\/ca\/producto\/cabina-llama-de-1-kw\/","name":"Cabina llama de 1 KW - Instruments J. Bot","isPartOf":{"@id":"https:\/\/jba.es\/#website"},"primaryImageOfPage":{"@id":"https:\/\/jba.es\/ca\/producto\/cabina-llama-de-1-kw\/#primaryimage"},"image":{"@id":"https:\/\/jba.es\/ca\/producto\/cabina-llama-de-1-kw\/#primaryimage"},"thumbnailUrl":"https:\/\/jba.es\/wp-content\/uploads\/2023\/11\/742-scaled.jpg","datePublished":"2023-11-20T06:43:51+00:00","dateModified":"2025-09-26T07:58:19+00:00","breadcrumb":{"@id":"https:\/\/jba.es\/ca\/producto\/cabina-llama-de-1-kw\/#breadcrumb"},"inLanguage":"ca","potentialAction":[{"@type":"ReadAction","target":["https:\/\/jba.es\/ca\/producto\/cabina-llama-de-1-kw\/"]}]},{"@type":"ImageObject","inLanguage":"ca","@id":"https:\/\/jba.es\/ca\/producto\/cabina-llama-de-1-kw\/#primaryimage","url":"https:\/\/jba.es\/wp-content\/uploads\/2023\/11\/742-scaled.jpg","contentUrl":"https:\/\/jba.es\/wp-content\/uploads\/2023\/11\/742-scaled.jpg","width":960,"height":2560},{"@type":"BreadcrumbList","@id":"https:\/\/jba.es\/ca\/producto\/cabina-llama-de-1-kw\/#breadcrumb","itemListElement":[{"@type":"ListItem","position":1,"name":"Home","item":"https:\/\/jba.es\/ca\/"},{"@type":"ListItem","position":2,"name":"Productos","item":"https:\/\/jba.es\/ca\/productos\/"},{"@type":"ListItem","position":3,"name":"Cabina llama de 1 KW"}]},{"@type":"WebSite","@id":"https:\/\/jba.es\/#website","url":"https:\/\/jba.es\/","name":"Instruments J. Bot","description":"fabricaci\u00f3n de aparatos para ensayos f\u00edsicos y control de calidad de materiales","publisher":{"@id":"https:\/\/jba.es\/#organization"},"potentialAction":[{"@type":"SearchAction","target":{"@type":"EntryPoint","urlTemplate":"https:\/\/jba.es\/?s={search_term_string}"},"query-input":"required name=search_term_string"}],"inLanguage":"ca"},{"@type":"Organization","@id":"https:\/\/jba.es\/#organization","name":"Instruments J. Bot","url":"https:\/\/jba.es\/","logo":{"@type":"ImageObject","inLanguage":"ca","@id":"https:\/\/jba.es\/#\/schema\/logo\/image\/","url":"https:\/\/jba.es\/wp-content\/uploads\/2023\/10\/logo_sense_fons-1.png","contentUrl":"https:\/\/jba.es\/wp-content\/uploads\/2023\/10\/logo_sense_fons-1.png","width":224,"height":104,"caption":"Instruments J. Bot"},"image":{"@id":"https:\/\/jba.es\/#\/schema\/logo\/image\/"}}]}},"_links":{"self":[{"href":"https:\/\/jba.es\/ca\/wp-json\/wp\/v2\/product\/2480"}],"collection":[{"href":"https:\/\/jba.es\/ca\/wp-json\/wp\/v2\/product"}],"about":[{"href":"https:\/\/jba.es\/ca\/wp-json\/wp\/v2\/types\/product"}],"replies":[{"embeddable":true,"href":"https:\/\/jba.es\/ca\/wp-json\/wp\/v2\/comments?post=2480"}],"wp:featuredmedia":[{"embeddable":true,"href":"https:\/\/jba.es\/ca\/wp-json\/wp\/v2\/media\/1978"}],"wp:attachment":[{"href":"https:\/\/jba.es\/ca\/wp-json\/wp\/v2\/media?parent=2480"}],"wp:term":[{"taxonomy":"product_cat","embeddable":true,"href":"https:\/\/jba.es\/ca\/wp-json\/wp\/v2\/product_cat?post=2480"},{"taxonomy":"product_tag","embeddable":true,"href":"https:\/\/jba.es\/ca\/wp-json\/wp\/v2\/product_tag?post=2480"}],"curies":[{"name":"wp","href":"https:\/\/api.w.org\/{rel}","templated":true}]}}