{"id":2390,"date":"2024-02-22T09:13:50","date_gmt":"2024-02-22T09:13:50","guid":{"rendered":"https:\/\/jba.es\/producto\/equipo-del-hilo-incandescente\/"},"modified":"2025-09-26T07:51:15","modified_gmt":"2025-09-26T07:51:15","slug":"equipo-del-hilo-incandescente","status":"publish","type":"product","link":"https:\/\/jba.es\/ca\/producto\/equipo-del-hilo-incandescente\/","title":{"rendered":"Equip del Fil Incandescent"},"content":{"rendered":"<section class=\"wpb-content-wrapper\">[vc_section css_animation=&#8221;fadeIn&#8221; css=&#8221;.vc_custom_1695714363514{padding-top: 5% !important;padding-bottom: 5% !important;background-color: #ffffff !important;}&#8221;][vc_row][vc_column][vc_tta_tour style=&#8221;total&#8221; spacing=&#8221;5&#8243; gap=&#8221;10&#8243; active_section=&#8221;1&#8243; el_class=&#8221;tabs-fitxa-tecnica&#8221;][vc_tta_section title=&#8221;DADES T\u00c8CNIQUES&#8221; tab_id=&#8221;1695636218015-5cae9a6a-8595&#8243;][vc_column_text]\n<div class=\"table-responsive-xl\">\n<table class=\"table table-striped\">\n<thead>\n<tr>\n<th scope=\"col\">Model<\/th>\n<th scope=\"col\">740<\/th>\n<\/tr>\n<\/thead>\n<tbody>\n<tr>\n<th scope=\"row\">Carro Portaprovetes &#8211; Sample Tray<\/th>\n<td>Rod. bolas &#8211; Ball Bearing<\/td>\n<\/tr>\n<tr>\n<th scope=\"row\">Topall d&#8217;Assaig &#8211; Butt End<\/th>\n<td>Regulable &#8211; Adjustable<\/td>\n<\/tr>\n<tr>\n<th scope=\"row\">For\u00e7a d&#8217;Assaig &#8211; Force Test (N)<\/th>\n<td>1<\/td>\n<\/tr>\n<tr>\n<th scope=\"row\">Di\u00e0metre Fil Ni-Cr &#8211; Wire Diameter Ni-cr (mm)<\/th>\n<td>4<\/td>\n<\/tr>\n<tr>\n<th scope=\"row\">Cubeta Recollida &#8211; Pick up Tray<\/th>\n<td>Si &#8211; Yes<\/td>\n<\/tr>\n<tr>\n<th scope=\"row\">Termoparell &#8211; Termocouple<\/th>\n<td>Tipus K &#8211; Type K<\/td>\n<\/tr>\n<tr>\n<th scope=\"row\">Pantalla Protecci\u00f3 &#8211; Protection<\/th>\n<td>Si &#8211; Yes<\/td>\n<\/tr>\n<tr>\n<th scope=\"row\">Regulador Tensi\u00f3 &#8211; Voltage Regulator<\/th>\n<td>Si &#8211; Yes<\/td>\n<\/tr>\n<tr>\n<th scope=\"row\">Lectures &#8211; Readings<\/th>\n<td>Temp. (\u00baC) &#8211; Int. Corriente (A)<\/td>\n<\/tr>\n<tr>\n<th scope=\"row\">Temp. (\u00baC) &#8211; Current (A)<\/th>\n<td><\/td>\n<\/tr>\n<tr>\n<th scope=\"row\">Alt &#8211; Height (mm)<\/th>\n<td>500<\/td>\n<\/tr>\n<tr>\n<th scope=\"row\">Ample &#8211; Witdh (mm)<\/th>\n<td>600<\/td>\n<\/tr>\n<tr>\n<th scope=\"row\">Profunditat &#8211; Depth (mm)<\/th>\n<td>400<\/td>\n<\/tr>\n<tr>\n<th scope=\"row\">Pes &#8211; Weight (kg)<\/th>\n<td>40<\/td>\n<\/tr>\n<tr>\n<th scope=\"row\">Voltatge &#8211; Electric Supply (V)<\/th>\n<td>230<\/td>\n<\/tr>\n<tr>\n<th scope=\"row\">Consum &#8211; Consumption (W)<\/th>\n<td>1500<\/td>\n<\/tr>\n<\/tbody>\n<\/table>\n<\/div>\n[\/vc_column_text]<div class=\"vcex-spacing wpex-w-100 wpex-clear\" style=\"height:20px;\"><\/div>[vc_column_text]<strong>* Segons comanda pot subministrar-se model de curt recorregut.<\/strong>[\/vc_column_text][\/vc_tta_section][\/vc_tta_tour][\/vc_column][\/vc_row][\/vc_section][vc_row remove_bottom_col_margin=&#8221;true&#8221;][vc_column]<div class=\"templatera_shortcode\"><style type=\"text\/css\" data-type=\"vc_shortcodes-custom-css\">.vc_custom_1705047938305{border-top-width: 1px !important;border-bottom-width: 1px !important;padding-top: 90px !important;padding-bottom: 90px !important;background-color: #f5f5f5 !important;border-top-color: #ededed !important;border-top-style: solid !important;border-bottom-color: #ededed !important;border-bottom-style: solid !important;}.vc_custom_1757324462636{padding-bottom: 15px !important;}<\/style>[vc_row full_width=\"stretch_row\" parallax=\"content-moving\" parallax_image=\"647\" parallax_speed_bg=\"1.6\" wpex_bg_overlay=\"dark\" remove_bottom_col_margin=\"true\" css=\".vc_custom_1705047938305{border-top-width: 1px !important;border-bottom-width: 1px !important;padding-top: 90px !important;padding-bottom: 90px !important;background-color: #f5f5f5 !important;border-top-color: #ededed !important;border-top-style: solid !important;border-bottom-color: #ededed !important;border-bottom-style: solid !important;}\" wpex_bg_overlay_color=\"#000000\" wpex_bg_overlay_opacity=\"0.65\"][vc_column]<style>.vcex-heading.vcex_69ded15f7c3ce{width:600px;color:#ffffff;font-size:32px;font-weight:400;text-transform:uppercase;}<\/style><h2 class=\"vcex-heading vcex-heading-plain vcex-module wpex-text-2xl wpex-font-normal wpex-text-center wpex-max-w-100 wpex-mx-auto vc_custom_1757324462636 vcex_69ded15f7c3ce\"><span class=\"vcex-heading-inner wpex-inline-block\">NECESSITA M\u00c9S INFORMACI\u00d3 SOBRE LES NOSTRES M\u00c0QUINES?<\/span><\/h2>[vc_column_text text_align=\"center\" font_weight=\"300\" color=\"#ffffff\" font_size=\"18px\" width=\"700px\"]\r\n<p style=\"text-align: center;\">Podem realitzar demostracions de les nostres m\u00e0quines d'assajos, aix\u00ed com dels seus accessoris en les nostres instal\u00b7lacions. Contacti amb nosaltres i l'assessorarem en el que necessiti.<\/p>\r\n[\/vc_column_text]<div class=\"vcex-spacing wpex-w-100 wpex-clear\"><\/div><div class=\"theme-button-wrap textcenter wpex-clr\"><a href=\"\/ca\/contacte\/\" class=\"vcex-button theme-button align-center inline\" style=\"background:rgba(255,255,255,0.01);color:#ffffff;border:1px solid #ffffff;font-size:16px;font-weight:400;\" data-wpex-hover='{&quot;background&quot;:&quot;#ffffff&quot;,&quot;color&quot;:&quot;#1f214e&quot;}' title=\"Contacte\" rel=\"nofollow\"><span class=\"vcex-button-inner theme-button-inner\">Contacti amb nosaltres<span class=\"vcex-button-icon vcex-icon-wrap theme-button-icon-right\"><span class=\"ticon ticon-long-arrow-right\" aria-hidden=\"true\"><\/span><\/span><\/span><\/a><\/div> [\/vc_column][\/vc_row]<\/div>[\/vc_column][\/vc_row]\n<\/section>","protected":false},"excerpt":{"rendered":"<div class=\"traductor-textarea form-group\">\n<div class=\"textarea-desti col-xs-12 col-sm-6\">\n<div class=\"form-control second-textarea\">Assaig del Fil Incandescent.<\/div>\n<\/div>\n<\/div>\n","protected":false},"featured_media":2312,"comment_status":"open","ping_status":"closed","template":"","meta":{"_acf_changed":false},"product_cat":[141,143],"product_tag":[],"acf":[],"yoast_head":"<!-- This site is optimized with the Yoast SEO plugin v22.2 - https:\/\/yoast.com\/wordpress\/plugins\/seo\/ -->\n<title>Equip del Fil Incandescent - Instruments J. Bot<\/title>\n<meta name=\"robots\" content=\"index, follow, max-snippet:-1, max-image-preview:large, max-video-preview:-1\" \/>\n<link rel=\"canonical\" href=\"https:\/\/jba.es\/ca\/producto\/equipo-del-hilo-incandescente\/\" \/>\n<meta property=\"og:locale\" content=\"ca_ES\" \/>\n<meta property=\"og:type\" content=\"article\" \/>\n<meta property=\"og:title\" content=\"Equip del Fil Incandescent - Instruments J. Bot\" \/>\n<meta property=\"og:description\" content=\"Assaig del Fil Incandescent.\" \/>\n<meta property=\"og:url\" content=\"https:\/\/jba.es\/ca\/producto\/equipo-del-hilo-incandescente\/\" \/>\n<meta property=\"og:site_name\" content=\"Instruments J. Bot\" \/>\n<meta property=\"article:modified_time\" content=\"2025-09-26T07:51:15+00:00\" \/>\n<meta property=\"og:image\" content=\"https:\/\/jba.es\/wp-content\/uploads\/2024\/02\/img-productes-equip-740.png\" \/>\n\t<meta property=\"og:image:width\" content=\"1000\" \/>\n\t<meta property=\"og:image:height\" content=\"850\" \/>\n\t<meta property=\"og:image:type\" content=\"image\/png\" \/>\n<meta name=\"twitter:card\" content=\"summary_large_image\" \/>\n<meta name=\"twitter:label1\" content=\"Temps estimat de lectura\" \/>\n\t<meta name=\"twitter:data1\" content=\"1 minut\" \/>\n<script type=\"application\/ld+json\" class=\"yoast-schema-graph\">{\"@context\":\"https:\/\/schema.org\",\"@graph\":[{\"@type\":\"WebPage\",\"@id\":\"https:\/\/jba.es\/ca\/producto\/equipo-del-hilo-incandescente\/\",\"url\":\"https:\/\/jba.es\/ca\/producto\/equipo-del-hilo-incandescente\/\",\"name\":\"Equip del Fil Incandescent - Instruments J. Bot\",\"isPartOf\":{\"@id\":\"https:\/\/jba.es\/#website\"},\"primaryImageOfPage\":{\"@id\":\"https:\/\/jba.es\/ca\/producto\/equipo-del-hilo-incandescente\/#primaryimage\"},\"image\":{\"@id\":\"https:\/\/jba.es\/ca\/producto\/equipo-del-hilo-incandescente\/#primaryimage\"},\"thumbnailUrl\":\"https:\/\/jba.es\/wp-content\/uploads\/2024\/02\/img-productes-equip-740.png\",\"datePublished\":\"2024-02-22T09:13:50+00:00\",\"dateModified\":\"2025-09-26T07:51:15+00:00\",\"breadcrumb\":{\"@id\":\"https:\/\/jba.es\/ca\/producto\/equipo-del-hilo-incandescente\/#breadcrumb\"},\"inLanguage\":\"ca\",\"potentialAction\":[{\"@type\":\"ReadAction\",\"target\":[\"https:\/\/jba.es\/ca\/producto\/equipo-del-hilo-incandescente\/\"]}]},{\"@type\":\"ImageObject\",\"inLanguage\":\"ca\",\"@id\":\"https:\/\/jba.es\/ca\/producto\/equipo-del-hilo-incandescente\/#primaryimage\",\"url\":\"https:\/\/jba.es\/wp-content\/uploads\/2024\/02\/img-productes-equip-740.png\",\"contentUrl\":\"https:\/\/jba.es\/wp-content\/uploads\/2024\/02\/img-productes-equip-740.png\",\"width\":1000,\"height\":850},{\"@type\":\"BreadcrumbList\",\"@id\":\"https:\/\/jba.es\/ca\/producto\/equipo-del-hilo-incandescente\/#breadcrumb\",\"itemListElement\":[{\"@type\":\"ListItem\",\"position\":1,\"name\":\"Home\",\"item\":\"https:\/\/jba.es\/ca\/\"},{\"@type\":\"ListItem\",\"position\":2,\"name\":\"Productos\",\"item\":\"https:\/\/jba.es\/ca\/productos\/\"},{\"@type\":\"ListItem\",\"position\":3,\"name\":\"Equip del Fil Incandescent\"}]},{\"@type\":\"WebSite\",\"@id\":\"https:\/\/jba.es\/#website\",\"url\":\"https:\/\/jba.es\/\",\"name\":\"Instruments J. Bot\",\"description\":\"fabricaci\u00f3n de aparatos para ensayos f\u00edsicos y control de calidad de materiales\",\"publisher\":{\"@id\":\"https:\/\/jba.es\/#organization\"},\"potentialAction\":[{\"@type\":\"SearchAction\",\"target\":{\"@type\":\"EntryPoint\",\"urlTemplate\":\"https:\/\/jba.es\/?s={search_term_string}\"},\"query-input\":\"required name=search_term_string\"}],\"inLanguage\":\"ca\"},{\"@type\":\"Organization\",\"@id\":\"https:\/\/jba.es\/#organization\",\"name\":\"Instruments J. Bot\",\"url\":\"https:\/\/jba.es\/\",\"logo\":{\"@type\":\"ImageObject\",\"inLanguage\":\"ca\",\"@id\":\"https:\/\/jba.es\/#\/schema\/logo\/image\/\",\"url\":\"https:\/\/jba.es\/wp-content\/uploads\/2023\/10\/logo_sense_fons-1.png\",\"contentUrl\":\"https:\/\/jba.es\/wp-content\/uploads\/2023\/10\/logo_sense_fons-1.png\",\"width\":224,\"height\":104,\"caption\":\"Instruments J. Bot\"},\"image\":{\"@id\":\"https:\/\/jba.es\/#\/schema\/logo\/image\/\"}}]}<\/script>\n<!-- \/ Yoast SEO plugin. -->","yoast_head_json":{"title":"Equip del Fil Incandescent - Instruments J. Bot","robots":{"index":"index","follow":"follow","max-snippet":"max-snippet:-1","max-image-preview":"max-image-preview:large","max-video-preview":"max-video-preview:-1"},"canonical":"https:\/\/jba.es\/ca\/producto\/equipo-del-hilo-incandescente\/","og_locale":"ca_ES","og_type":"article","og_title":"Equip del Fil Incandescent - Instruments J. Bot","og_description":"Assaig del Fil Incandescent.","og_url":"https:\/\/jba.es\/ca\/producto\/equipo-del-hilo-incandescente\/","og_site_name":"Instruments J. Bot","article_modified_time":"2025-09-26T07:51:15+00:00","og_image":[{"width":1000,"height":850,"url":"https:\/\/jba.es\/wp-content\/uploads\/2024\/02\/img-productes-equip-740.png","type":"image\/png"}],"twitter_card":"summary_large_image","twitter_misc":{"Temps estimat de lectura":"1 minut"},"schema":{"@context":"https:\/\/schema.org","@graph":[{"@type":"WebPage","@id":"https:\/\/jba.es\/ca\/producto\/equipo-del-hilo-incandescente\/","url":"https:\/\/jba.es\/ca\/producto\/equipo-del-hilo-incandescente\/","name":"Equip del Fil Incandescent - Instruments J. Bot","isPartOf":{"@id":"https:\/\/jba.es\/#website"},"primaryImageOfPage":{"@id":"https:\/\/jba.es\/ca\/producto\/equipo-del-hilo-incandescente\/#primaryimage"},"image":{"@id":"https:\/\/jba.es\/ca\/producto\/equipo-del-hilo-incandescente\/#primaryimage"},"thumbnailUrl":"https:\/\/jba.es\/wp-content\/uploads\/2024\/02\/img-productes-equip-740.png","datePublished":"2024-02-22T09:13:50+00:00","dateModified":"2025-09-26T07:51:15+00:00","breadcrumb":{"@id":"https:\/\/jba.es\/ca\/producto\/equipo-del-hilo-incandescente\/#breadcrumb"},"inLanguage":"ca","potentialAction":[{"@type":"ReadAction","target":["https:\/\/jba.es\/ca\/producto\/equipo-del-hilo-incandescente\/"]}]},{"@type":"ImageObject","inLanguage":"ca","@id":"https:\/\/jba.es\/ca\/producto\/equipo-del-hilo-incandescente\/#primaryimage","url":"https:\/\/jba.es\/wp-content\/uploads\/2024\/02\/img-productes-equip-740.png","contentUrl":"https:\/\/jba.es\/wp-content\/uploads\/2024\/02\/img-productes-equip-740.png","width":1000,"height":850},{"@type":"BreadcrumbList","@id":"https:\/\/jba.es\/ca\/producto\/equipo-del-hilo-incandescente\/#breadcrumb","itemListElement":[{"@type":"ListItem","position":1,"name":"Home","item":"https:\/\/jba.es\/ca\/"},{"@type":"ListItem","position":2,"name":"Productos","item":"https:\/\/jba.es\/ca\/productos\/"},{"@type":"ListItem","position":3,"name":"Equip del Fil Incandescent"}]},{"@type":"WebSite","@id":"https:\/\/jba.es\/#website","url":"https:\/\/jba.es\/","name":"Instruments J. Bot","description":"fabricaci\u00f3n de aparatos para ensayos f\u00edsicos y control de calidad de materiales","publisher":{"@id":"https:\/\/jba.es\/#organization"},"potentialAction":[{"@type":"SearchAction","target":{"@type":"EntryPoint","urlTemplate":"https:\/\/jba.es\/?s={search_term_string}"},"query-input":"required name=search_term_string"}],"inLanguage":"ca"},{"@type":"Organization","@id":"https:\/\/jba.es\/#organization","name":"Instruments J. Bot","url":"https:\/\/jba.es\/","logo":{"@type":"ImageObject","inLanguage":"ca","@id":"https:\/\/jba.es\/#\/schema\/logo\/image\/","url":"https:\/\/jba.es\/wp-content\/uploads\/2023\/10\/logo_sense_fons-1.png","contentUrl":"https:\/\/jba.es\/wp-content\/uploads\/2023\/10\/logo_sense_fons-1.png","width":224,"height":104,"caption":"Instruments J. Bot"},"image":{"@id":"https:\/\/jba.es\/#\/schema\/logo\/image\/"}}]}},"_links":{"self":[{"href":"https:\/\/jba.es\/ca\/wp-json\/wp\/v2\/product\/2390"}],"collection":[{"href":"https:\/\/jba.es\/ca\/wp-json\/wp\/v2\/product"}],"about":[{"href":"https:\/\/jba.es\/ca\/wp-json\/wp\/v2\/types\/product"}],"replies":[{"embeddable":true,"href":"https:\/\/jba.es\/ca\/wp-json\/wp\/v2\/comments?post=2390"}],"wp:featuredmedia":[{"embeddable":true,"href":"https:\/\/jba.es\/ca\/wp-json\/wp\/v2\/media\/2312"}],"wp:attachment":[{"href":"https:\/\/jba.es\/ca\/wp-json\/wp\/v2\/media?parent=2390"}],"wp:term":[{"taxonomy":"product_cat","embeddable":true,"href":"https:\/\/jba.es\/ca\/wp-json\/wp\/v2\/product_cat?post=2390"},{"taxonomy":"product_tag","embeddable":true,"href":"https:\/\/jba.es\/ca\/wp-json\/wp\/v2\/product_tag?post=2390"}],"curies":[{"name":"wp","href":"https:\/\/api.w.org\/{rel}","templated":true}]}}