{"id":2372,"date":"2024-02-27T10:35:11","date_gmt":"2024-02-27T10:35:11","guid":{"rendered":"https:\/\/jba.es\/producto\/abrasimetro-cable-cable\/"},"modified":"2025-09-25T09:13:27","modified_gmt":"2025-09-25T09:13:27","slug":"abrasimetro-cable-cable","status":"publish","type":"product","link":"https:\/\/jba.es\/ca\/producto\/abrasimetro-cable-cable\/","title":{"rendered":"Abras\u00edmetre Cable &#8211; Cable"},"content":{"rendered":"<section class=\"wpb-content-wrapper\">[vc_section css_animation=&#8221;fadeIn&#8221; css=&#8221;.vc_custom_1695714363514{padding-top: 5% !important;padding-bottom: 5% !important;background-color: #ffffff !important;}&#8221;][vc_row][vc_column][vc_tta_tour style=&#8221;total&#8221; spacing=&#8221;5&#8243; gap=&#8221;10&#8243; active_section=&#8221;1&#8243; el_class=&#8221;tabs-fitxa-tecnica&#8221;][vc_tta_section title=&#8221;DADES T\u00c8CNIQUES&#8221; tab_id=&#8221;1695636218015-5cae9a6a-8595&#8243;][vc_column_text]\n<div class=\"table-responsive-xl\">\n<table class=\"table table-striped\">\n<thead>\n<tr>\n<th scope=\"col\">Model<\/th>\n<th scope=\"col\">770<\/th>\n<th scope=\"col\">770B<\/th>\n<\/tr>\n<\/thead>\n<tbody>\n<tr>\n<th scope=\"row\">Velocitat abrasi\u00f3 (Hz)<\/th>\n<td>10<\/td>\n<td>10<\/td>\n<\/tr>\n<tr>\n<th scope=\"row\">Comptador preselector<\/th>\n<td>Si<\/td>\n<td>Si<\/td>\n<\/tr>\n<tr>\n<th scope=\"row\">Parada autom\u00e0tica per contacte<\/th>\n<td>Si<\/td>\n<td>Si<\/td>\n<\/tr>\n<tr>\n<th scope=\"row\">Massa mordassa (kg)<\/th>\n<td>1<\/td>\n<td>1<\/td>\n<\/tr>\n<tr>\n<th scope=\"row\">Masses assajo (kg)<\/th>\n<td>0,25 \/ 0,5 \/ 1<\/td>\n<td>2 x 2kg<\/td>\n<\/tr>\n<tr>\n<th scope=\"row\">Alt (mm) &#8211; Height<\/th>\n<td>300<\/td>\n<td>480<\/td>\n<\/tr>\n<tr>\n<th scope=\"row\">Ample (mm) &#8211; Width<\/th>\n<td>650<\/td>\n<td>480<\/td>\n<\/tr>\n<tr>\n<th scope=\"row\">Profunditat (mm) &#8211; Depth<\/th>\n<td>300<\/td>\n<td>350<\/td>\n<\/tr>\n<tr>\n<th scope=\"row\">Pes (kg) &#8211; Weight<\/th>\n<td>48<\/td>\n<td>65<\/td>\n<\/tr>\n<tr>\n<th scope=\"row\">Voltatge (V) &#8211; Electric Supply<\/th>\n<td>230<\/td>\n<td>230<\/td>\n<\/tr>\n<tr>\n<th scope=\"row\">Consum (W) &#8211; Consumption<\/th>\n<td>250<\/td>\n<td>500<\/td>\n<\/tr>\n<\/tbody>\n<\/table>\n<\/div>\n[\/vc_column_text]<div class=\"vcex-spacing wpex-w-100 wpex-clear\" style=\"height:20px;\"><\/div>[vc_column_text]<strong>* Segons comanda pot subministrar-se model de curt recorregut.<\/strong>[\/vc_column_text][\/vc_tta_section][\/vc_tta_tour][\/vc_column][\/vc_row][\/vc_section][vc_row remove_bottom_col_margin=&#8221;true&#8221;][vc_column]<div class=\"templatera_shortcode\"><style type=\"text\/css\" data-type=\"vc_shortcodes-custom-css\">.vc_custom_1705047938305{border-top-width: 1px !important;border-bottom-width: 1px !important;padding-top: 90px !important;padding-bottom: 90px !important;background-color: #f5f5f5 !important;border-top-color: #ededed !important;border-top-style: solid !important;border-bottom-color: #ededed !important;border-bottom-style: solid !important;}.vc_custom_1757324462636{padding-bottom: 15px !important;}<\/style>[vc_row full_width=\"stretch_row\" parallax=\"content-moving\" parallax_image=\"647\" parallax_speed_bg=\"1.6\" wpex_bg_overlay=\"dark\" remove_bottom_col_margin=\"true\" css=\".vc_custom_1705047938305{border-top-width: 1px !important;border-bottom-width: 1px !important;padding-top: 90px !important;padding-bottom: 90px !important;background-color: #f5f5f5 !important;border-top-color: #ededed !important;border-top-style: solid !important;border-bottom-color: #ededed !important;border-bottom-style: solid !important;}\" wpex_bg_overlay_color=\"#000000\" wpex_bg_overlay_opacity=\"0.65\"][vc_column]<style>.vcex-heading.vcex_69d1455c0a24c{width:600px;color:#ffffff;font-size:32px;font-weight:400;text-transform:uppercase;}<\/style><h2 class=\"vcex-heading vcex-heading-plain vcex-module wpex-text-2xl wpex-font-normal wpex-text-center wpex-max-w-100 wpex-mx-auto vc_custom_1757324462636 vcex_69d1455c0a24c\"><span class=\"vcex-heading-inner wpex-inline-block\">NECESSITA M\u00c9S INFORMACI\u00d3 SOBRE LES NOSTRES M\u00c0QUINES?<\/span><\/h2>[vc_column_text text_align=\"center\" font_weight=\"300\" color=\"#ffffff\" font_size=\"18px\" width=\"700px\"]\r\n<p style=\"text-align: center;\">Podem realitzar demostracions de les nostres m\u00e0quines d'assajos, aix\u00ed com dels seus accessoris en les nostres instal\u00b7lacions. Contacti amb nosaltres i l'assessorarem en el que necessiti.<\/p>\r\n[\/vc_column_text]<div class=\"vcex-spacing wpex-w-100 wpex-clear\"><\/div><div class=\"theme-button-wrap textcenter wpex-clr\"><a href=\"\/ca\/contacte\/\" class=\"vcex-button theme-button align-center inline\" style=\"background:rgba(255,255,255,0.01);color:#ffffff;border:1px solid #ffffff;font-size:16px;font-weight:400;\" data-wpex-hover='{&quot;background&quot;:&quot;#ffffff&quot;,&quot;color&quot;:&quot;#1f214e&quot;}' title=\"Contacte\" rel=\"nofollow\"><span class=\"vcex-button-inner theme-button-inner\">Contacti amb nosaltres<span class=\"vcex-button-icon vcex-icon-wrap theme-button-icon-right\"><span class=\"ticon ticon-long-arrow-right\" aria-hidden=\"true\"><\/span><\/span><\/span><\/a><\/div> [\/vc_column][\/vc_row]<\/div>[\/vc_column][\/vc_row]\n<\/section>","protected":false},"excerpt":{"rendered":"<div class=\"traductor-textarea form-group\">\n<div class=\"textarea-desti col-xs-12 col-sm-6\">\n<div class=\"form-control second-textarea\">Aparell per a l&#8217;abrasi\u00f3 de cable sobre cable.<\/div>\n<\/div>\n<\/div>\n","protected":false},"featured_media":2126,"comment_status":"open","ping_status":"closed","template":"","meta":{"_acf_changed":false},"product_cat":[139],"product_tag":[],"acf":[],"yoast_head":"<!-- This site is optimized with the Yoast SEO plugin v22.2 - https:\/\/yoast.com\/wordpress\/plugins\/seo\/ -->\n<title>Abras\u00edmetre Cable - Cable - Instruments J. Bot<\/title>\n<meta name=\"robots\" content=\"index, follow, max-snippet:-1, max-image-preview:large, max-video-preview:-1\" \/>\n<link rel=\"canonical\" href=\"https:\/\/jba.es\/ca\/producto\/abrasimetro-cable-cable\/\" \/>\n<meta property=\"og:locale\" content=\"ca_ES\" \/>\n<meta property=\"og:type\" content=\"article\" \/>\n<meta property=\"og:title\" content=\"Abras\u00edmetre Cable - Cable - Instruments J. Bot\" \/>\n<meta property=\"og:description\" content=\"Aparell per a l&#039;abrasi\u00f3 de cable sobre cable.\" \/>\n<meta property=\"og:url\" content=\"https:\/\/jba.es\/ca\/producto\/abrasimetro-cable-cable\/\" \/>\n<meta property=\"og:site_name\" content=\"Instruments J. Bot\" \/>\n<meta property=\"article:modified_time\" content=\"2025-09-25T09:13:27+00:00\" \/>\n<meta property=\"og:image\" content=\"https:\/\/jba.es\/wp-content\/uploads\/2024\/02\/770-1.png\" \/>\n\t<meta property=\"og:image:width\" content=\"3245\" \/>\n\t<meta property=\"og:image:height\" content=\"2596\" \/>\n\t<meta property=\"og:image:type\" content=\"image\/png\" \/>\n<meta name=\"twitter:card\" content=\"summary_large_image\" \/>\n<meta name=\"twitter:label1\" content=\"Temps estimat de lectura\" \/>\n\t<meta name=\"twitter:data1\" content=\"1 minut\" \/>\n<script type=\"application\/ld+json\" class=\"yoast-schema-graph\">{\"@context\":\"https:\/\/schema.org\",\"@graph\":[{\"@type\":\"WebPage\",\"@id\":\"https:\/\/jba.es\/ca\/producto\/abrasimetro-cable-cable\/\",\"url\":\"https:\/\/jba.es\/ca\/producto\/abrasimetro-cable-cable\/\",\"name\":\"Abras\u00edmetre Cable - Cable - Instruments J. Bot\",\"isPartOf\":{\"@id\":\"https:\/\/jba.es\/#website\"},\"primaryImageOfPage\":{\"@id\":\"https:\/\/jba.es\/ca\/producto\/abrasimetro-cable-cable\/#primaryimage\"},\"image\":{\"@id\":\"https:\/\/jba.es\/ca\/producto\/abrasimetro-cable-cable\/#primaryimage\"},\"thumbnailUrl\":\"https:\/\/jba.es\/wp-content\/uploads\/2024\/02\/770-1.png\",\"datePublished\":\"2024-02-27T10:35:11+00:00\",\"dateModified\":\"2025-09-25T09:13:27+00:00\",\"breadcrumb\":{\"@id\":\"https:\/\/jba.es\/ca\/producto\/abrasimetro-cable-cable\/#breadcrumb\"},\"inLanguage\":\"ca\",\"potentialAction\":[{\"@type\":\"ReadAction\",\"target\":[\"https:\/\/jba.es\/ca\/producto\/abrasimetro-cable-cable\/\"]}]},{\"@type\":\"ImageObject\",\"inLanguage\":\"ca\",\"@id\":\"https:\/\/jba.es\/ca\/producto\/abrasimetro-cable-cable\/#primaryimage\",\"url\":\"https:\/\/jba.es\/wp-content\/uploads\/2024\/02\/770-1.png\",\"contentUrl\":\"https:\/\/jba.es\/wp-content\/uploads\/2024\/02\/770-1.png\",\"width\":3245,\"height\":2596},{\"@type\":\"BreadcrumbList\",\"@id\":\"https:\/\/jba.es\/ca\/producto\/abrasimetro-cable-cable\/#breadcrumb\",\"itemListElement\":[{\"@type\":\"ListItem\",\"position\":1,\"name\":\"Home\",\"item\":\"https:\/\/jba.es\/ca\/\"},{\"@type\":\"ListItem\",\"position\":2,\"name\":\"Productos\",\"item\":\"https:\/\/jba.es\/ca\/productos\/\"},{\"@type\":\"ListItem\",\"position\":3,\"name\":\"Abras\u00edmetre Cable &#8211; Cable\"}]},{\"@type\":\"WebSite\",\"@id\":\"https:\/\/jba.es\/#website\",\"url\":\"https:\/\/jba.es\/\",\"name\":\"Instruments J. Bot\",\"description\":\"fabricaci\u00f3n de aparatos para ensayos f\u00edsicos y control de calidad de materiales\",\"publisher\":{\"@id\":\"https:\/\/jba.es\/#organization\"},\"potentialAction\":[{\"@type\":\"SearchAction\",\"target\":{\"@type\":\"EntryPoint\",\"urlTemplate\":\"https:\/\/jba.es\/?s={search_term_string}\"},\"query-input\":\"required name=search_term_string\"}],\"inLanguage\":\"ca\"},{\"@type\":\"Organization\",\"@id\":\"https:\/\/jba.es\/#organization\",\"name\":\"Instruments J. Bot\",\"url\":\"https:\/\/jba.es\/\",\"logo\":{\"@type\":\"ImageObject\",\"inLanguage\":\"ca\",\"@id\":\"https:\/\/jba.es\/#\/schema\/logo\/image\/\",\"url\":\"https:\/\/jba.es\/wp-content\/uploads\/2023\/10\/logo_sense_fons-1.png\",\"contentUrl\":\"https:\/\/jba.es\/wp-content\/uploads\/2023\/10\/logo_sense_fons-1.png\",\"width\":224,\"height\":104,\"caption\":\"Instruments J. Bot\"},\"image\":{\"@id\":\"https:\/\/jba.es\/#\/schema\/logo\/image\/\"}}]}<\/script>\n<!-- \/ Yoast SEO plugin. -->","yoast_head_json":{"title":"Abras\u00edmetre Cable - Cable - Instruments J. Bot","robots":{"index":"index","follow":"follow","max-snippet":"max-snippet:-1","max-image-preview":"max-image-preview:large","max-video-preview":"max-video-preview:-1"},"canonical":"https:\/\/jba.es\/ca\/producto\/abrasimetro-cable-cable\/","og_locale":"ca_ES","og_type":"article","og_title":"Abras\u00edmetre Cable - Cable - Instruments J. Bot","og_description":"Aparell per a l'abrasi\u00f3 de cable sobre cable.","og_url":"https:\/\/jba.es\/ca\/producto\/abrasimetro-cable-cable\/","og_site_name":"Instruments J. Bot","article_modified_time":"2025-09-25T09:13:27+00:00","og_image":[{"width":3245,"height":2596,"url":"https:\/\/jba.es\/wp-content\/uploads\/2024\/02\/770-1.png","type":"image\/png"}],"twitter_card":"summary_large_image","twitter_misc":{"Temps estimat de lectura":"1 minut"},"schema":{"@context":"https:\/\/schema.org","@graph":[{"@type":"WebPage","@id":"https:\/\/jba.es\/ca\/producto\/abrasimetro-cable-cable\/","url":"https:\/\/jba.es\/ca\/producto\/abrasimetro-cable-cable\/","name":"Abras\u00edmetre Cable - Cable - Instruments J. Bot","isPartOf":{"@id":"https:\/\/jba.es\/#website"},"primaryImageOfPage":{"@id":"https:\/\/jba.es\/ca\/producto\/abrasimetro-cable-cable\/#primaryimage"},"image":{"@id":"https:\/\/jba.es\/ca\/producto\/abrasimetro-cable-cable\/#primaryimage"},"thumbnailUrl":"https:\/\/jba.es\/wp-content\/uploads\/2024\/02\/770-1.png","datePublished":"2024-02-27T10:35:11+00:00","dateModified":"2025-09-25T09:13:27+00:00","breadcrumb":{"@id":"https:\/\/jba.es\/ca\/producto\/abrasimetro-cable-cable\/#breadcrumb"},"inLanguage":"ca","potentialAction":[{"@type":"ReadAction","target":["https:\/\/jba.es\/ca\/producto\/abrasimetro-cable-cable\/"]}]},{"@type":"ImageObject","inLanguage":"ca","@id":"https:\/\/jba.es\/ca\/producto\/abrasimetro-cable-cable\/#primaryimage","url":"https:\/\/jba.es\/wp-content\/uploads\/2024\/02\/770-1.png","contentUrl":"https:\/\/jba.es\/wp-content\/uploads\/2024\/02\/770-1.png","width":3245,"height":2596},{"@type":"BreadcrumbList","@id":"https:\/\/jba.es\/ca\/producto\/abrasimetro-cable-cable\/#breadcrumb","itemListElement":[{"@type":"ListItem","position":1,"name":"Home","item":"https:\/\/jba.es\/ca\/"},{"@type":"ListItem","position":2,"name":"Productos","item":"https:\/\/jba.es\/ca\/productos\/"},{"@type":"ListItem","position":3,"name":"Abras\u00edmetre Cable &#8211; Cable"}]},{"@type":"WebSite","@id":"https:\/\/jba.es\/#website","url":"https:\/\/jba.es\/","name":"Instruments J. Bot","description":"fabricaci\u00f3n de aparatos para ensayos f\u00edsicos y control de calidad de materiales","publisher":{"@id":"https:\/\/jba.es\/#organization"},"potentialAction":[{"@type":"SearchAction","target":{"@type":"EntryPoint","urlTemplate":"https:\/\/jba.es\/?s={search_term_string}"},"query-input":"required name=search_term_string"}],"inLanguage":"ca"},{"@type":"Organization","@id":"https:\/\/jba.es\/#organization","name":"Instruments J. Bot","url":"https:\/\/jba.es\/","logo":{"@type":"ImageObject","inLanguage":"ca","@id":"https:\/\/jba.es\/#\/schema\/logo\/image\/","url":"https:\/\/jba.es\/wp-content\/uploads\/2023\/10\/logo_sense_fons-1.png","contentUrl":"https:\/\/jba.es\/wp-content\/uploads\/2023\/10\/logo_sense_fons-1.png","width":224,"height":104,"caption":"Instruments J. Bot"},"image":{"@id":"https:\/\/jba.es\/#\/schema\/logo\/image\/"}}]}},"_links":{"self":[{"href":"https:\/\/jba.es\/ca\/wp-json\/wp\/v2\/product\/2372"}],"collection":[{"href":"https:\/\/jba.es\/ca\/wp-json\/wp\/v2\/product"}],"about":[{"href":"https:\/\/jba.es\/ca\/wp-json\/wp\/v2\/types\/product"}],"replies":[{"embeddable":true,"href":"https:\/\/jba.es\/ca\/wp-json\/wp\/v2\/comments?post=2372"}],"wp:featuredmedia":[{"embeddable":true,"href":"https:\/\/jba.es\/ca\/wp-json\/wp\/v2\/media\/2126"}],"wp:attachment":[{"href":"https:\/\/jba.es\/ca\/wp-json\/wp\/v2\/media?parent=2372"}],"wp:term":[{"taxonomy":"product_cat","embeddable":true,"href":"https:\/\/jba.es\/ca\/wp-json\/wp\/v2\/product_cat?post=2372"},{"taxonomy":"product_tag","embeddable":true,"href":"https:\/\/jba.es\/ca\/wp-json\/wp\/v2\/product_tag?post=2372"}],"curies":[{"name":"wp","href":"https:\/\/api.w.org\/{rel}","templated":true}]}}