{"id":2366,"date":"2024-02-27T11:33:05","date_gmt":"2024-02-27T11:33:05","guid":{"rendered":"https:\/\/jba.es\/producto\/aparato-caplast\/"},"modified":"2025-09-25T09:26:46","modified_gmt":"2025-09-25T09:26:46","slug":"aparato-caplast","status":"publish","type":"product","link":"https:\/\/jba.es\/ca\/producto\/aparato-caplast\/","title":{"rendered":"Aparell Caplast"},"content":{"rendered":"<section class=\"wpb-content-wrapper\">[vc_section css_animation=&#8221;fadeIn&#8221; css=&#8221;.vc_custom_1695714363514{padding-top: 5% !important;padding-bottom: 5% !important;background-color: #ffffff !important;}&#8221;][vc_row][vc_column][vc_tta_tour style=&#8221;total&#8221; spacing=&#8221;5&#8243; gap=&#8221;10&#8243; active_section=&#8221;1&#8243; el_class=&#8221;tabs-fitxa-tecnica&#8221;][vc_tta_section title=&#8221;DADES T\u00c8CNIQUES&#8221; tab_id=&#8221;1695636218015-5cae9a6a-8595&#8243;][vc_column_text]\n<div class=\"table-responsive-xl\">\n<table class=\"table table-striped\">\n<thead>\n<tr>\n<th scope=\"col\">Model<\/th>\n<th scope=\"col\">778<\/th>\n<\/tr>\n<\/thead>\n<tbody>\n<tr>\n<th scope=\"row\">Gruix Fulla &#8211; Thickness knife (mm)<\/th>\n<td>0,70 +\/- 0,01<\/td>\n<\/tr>\n<tr>\n<th scope=\"row\">Suport 1 &#8211; Stand 1<\/th>\n<td>Plan &#8211;<\/td>\n<\/tr>\n<tr>\n<th scope=\"row\">Suport 2 &#8211; Stand 2<\/th>\n<td>\u00d840<\/td>\n<\/tr>\n<tr>\n<th scope=\"row\">Suport 3 &#8211; Stand 3<\/th>\n<td>V 120\u00ba<\/td>\n<\/tr>\n<tr>\n<th scope=\"row\">Suport 4 &#8211; Stand 4<\/th>\n<td>V 90\u00ba<\/td>\n<\/tr>\n<tr>\n<th scope=\"row\">Massa marc + portapeses (g)<\/th>\n<td><\/td>\n<\/tr>\n<tr>\n<th scope=\"row\">Mass frame + sampleholder (g)<\/th>\n<td>600 +\/- 3<\/td>\n<\/tr>\n<tr>\n<th scope=\"row\">Masses &#8211; Mass (g)<\/th>\n<td>\u00a02 x 200 +\/- 1 | 2 x 100 +\/- 0,5 | 1 x 50 +\/- 0,25<\/td>\n<\/tr>\n<tr>\n<th scope=\"row\">Alt (mm) &#8211; Height<\/th>\n<td>200<\/td>\n<\/tr>\n<tr>\n<th scope=\"row\">Ample (mm) &#8211; Witdh<\/th>\n<td>180<\/td>\n<\/tr>\n<tr>\n<th scope=\"row\">Profunditat (mm) &#8211; Depth<\/th>\n<td>140<\/td>\n<\/tr>\n<tr>\n<th scope=\"row\">Pes (kg) &#8211; Weight<\/th>\n<td>5<\/td>\n<\/tr>\n<\/tbody>\n<\/table>\n<\/div>\n[\/vc_column_text]<div class=\"vcex-spacing wpex-w-100 wpex-clear\" style=\"height:20px;\"><\/div>[vc_column_text]<strong>* Segons comanda pot subministrar-se model de curt recorregut.<\/strong>[\/vc_column_text][\/vc_tta_section][\/vc_tta_tour][\/vc_column][\/vc_row][\/vc_section][vc_row remove_bottom_col_margin=&#8221;true&#8221;][vc_column]<div class=\"templatera_shortcode\"><style type=\"text\/css\" data-type=\"vc_shortcodes-custom-css\">.vc_custom_1705047938305{border-top-width: 1px !important;border-bottom-width: 1px !important;padding-top: 90px !important;padding-bottom: 90px !important;background-color: #f5f5f5 !important;border-top-color: #ededed !important;border-top-style: solid !important;border-bottom-color: #ededed !important;border-bottom-style: solid !important;}.vc_custom_1757324462636{padding-bottom: 15px !important;}<\/style>[vc_row full_width=\"stretch_row\" parallax=\"content-moving\" parallax_image=\"647\" parallax_speed_bg=\"1.6\" wpex_bg_overlay=\"dark\" remove_bottom_col_margin=\"true\" css=\".vc_custom_1705047938305{border-top-width: 1px !important;border-bottom-width: 1px !important;padding-top: 90px !important;padding-bottom: 90px !important;background-color: #f5f5f5 !important;border-top-color: #ededed !important;border-top-style: solid !important;border-bottom-color: #ededed !important;border-bottom-style: solid !important;}\" wpex_bg_overlay_color=\"#000000\" wpex_bg_overlay_opacity=\"0.65\"][vc_column]<style>.vcex-heading.vcex_69d14146e69c4{width:600px;color:#ffffff;font-size:32px;font-weight:400;text-transform:uppercase;}<\/style><h2 class=\"vcex-heading vcex-heading-plain vcex-module wpex-text-2xl wpex-font-normal wpex-text-center wpex-max-w-100 wpex-mx-auto vc_custom_1757324462636 vcex_69d14146e69c4\"><span class=\"vcex-heading-inner wpex-inline-block\">NECESSITA M\u00c9S INFORMACI\u00d3 SOBRE LES NOSTRES M\u00c0QUINES?<\/span><\/h2>[vc_column_text text_align=\"center\" font_weight=\"300\" color=\"#ffffff\" font_size=\"18px\" width=\"700px\"]\r\n<p style=\"text-align: center;\">Podem realitzar demostracions de les nostres m\u00e0quines d'assajos, aix\u00ed com dels seus accessoris en les nostres instal\u00b7lacions. Contacti amb nosaltres i l'assessorarem en el que necessiti.<\/p>\r\n[\/vc_column_text]<div class=\"vcex-spacing wpex-w-100 wpex-clear\"><\/div><div class=\"theme-button-wrap textcenter wpex-clr\"><a href=\"\/ca\/contacte\/\" class=\"vcex-button theme-button align-center inline\" style=\"background:rgba(255,255,255,0.01);color:#ffffff;border:1px solid #ffffff;font-size:16px;font-weight:400;\" data-wpex-hover='{&quot;background&quot;:&quot;#ffffff&quot;,&quot;color&quot;:&quot;#1f214e&quot;}' title=\"Contacte\" rel=\"nofollow\"><span class=\"vcex-button-inner theme-button-inner\">Contacti amb nosaltres<span class=\"vcex-button-icon vcex-icon-wrap theme-button-icon-right\"><span class=\"ticon ticon-long-arrow-right\" aria-hidden=\"true\"><\/span><\/span><\/span><\/a><\/div> [\/vc_column][\/vc_row]<\/div>[\/vc_column][\/vc_row]\n<\/section>","protected":false},"excerpt":{"rendered":"<p>Assaig de pressi\u00f3 a temperatura elevada per a materials d&#8217;a\u00efllament i coberta de cables el\u00e8ctrics.<\/p>\n","protected":false},"featured_media":2136,"comment_status":"open","ping_status":"closed","template":"","meta":{"_acf_changed":false},"product_cat":[139],"product_tag":[],"acf":[],"yoast_head":"<!-- This site is optimized with the Yoast SEO plugin v22.2 - https:\/\/yoast.com\/wordpress\/plugins\/seo\/ -->\n<title>Aparell Caplast - Instruments J. Bot<\/title>\n<meta name=\"robots\" content=\"index, follow, max-snippet:-1, max-image-preview:large, max-video-preview:-1\" \/>\n<link rel=\"canonical\" href=\"https:\/\/jba.es\/ca\/producto\/aparato-caplast\/\" \/>\n<meta property=\"og:locale\" content=\"ca_ES\" \/>\n<meta property=\"og:type\" content=\"article\" \/>\n<meta property=\"og:title\" content=\"Aparell Caplast - Instruments J. Bot\" \/>\n<meta property=\"og:description\" content=\"Assaig de pressi\u00f3 a temperatura elevada per a materials d&#039;a\u00efllament i coberta de cables el\u00e8ctrics.\" \/>\n<meta property=\"og:url\" content=\"https:\/\/jba.es\/ca\/producto\/aparato-caplast\/\" \/>\n<meta property=\"og:site_name\" content=\"Instruments J. Bot\" \/>\n<meta property=\"article:modified_time\" content=\"2025-09-25T09:26:46+00:00\" \/>\n<meta property=\"og:image\" content=\"https:\/\/jba.es\/wp-content\/uploads\/2024\/02\/778-1.png\" \/>\n\t<meta property=\"og:image:width\" content=\"3264\" \/>\n\t<meta property=\"og:image:height\" content=\"4080\" \/>\n\t<meta property=\"og:image:type\" content=\"image\/png\" \/>\n<meta name=\"twitter:card\" content=\"summary_large_image\" \/>\n<meta name=\"twitter:label1\" content=\"Temps estimat de lectura\" \/>\n\t<meta name=\"twitter:data1\" content=\"1 minut\" \/>\n<script type=\"application\/ld+json\" class=\"yoast-schema-graph\">{\"@context\":\"https:\/\/schema.org\",\"@graph\":[{\"@type\":\"WebPage\",\"@id\":\"https:\/\/jba.es\/ca\/producto\/aparato-caplast\/\",\"url\":\"https:\/\/jba.es\/ca\/producto\/aparato-caplast\/\",\"name\":\"Aparell Caplast - Instruments J. Bot\",\"isPartOf\":{\"@id\":\"https:\/\/jba.es\/#website\"},\"primaryImageOfPage\":{\"@id\":\"https:\/\/jba.es\/ca\/producto\/aparato-caplast\/#primaryimage\"},\"image\":{\"@id\":\"https:\/\/jba.es\/ca\/producto\/aparato-caplast\/#primaryimage\"},\"thumbnailUrl\":\"https:\/\/jba.es\/wp-content\/uploads\/2024\/02\/778-1.png\",\"datePublished\":\"2024-02-27T11:33:05+00:00\",\"dateModified\":\"2025-09-25T09:26:46+00:00\",\"breadcrumb\":{\"@id\":\"https:\/\/jba.es\/ca\/producto\/aparato-caplast\/#breadcrumb\"},\"inLanguage\":\"ca\",\"potentialAction\":[{\"@type\":\"ReadAction\",\"target\":[\"https:\/\/jba.es\/ca\/producto\/aparato-caplast\/\"]}]},{\"@type\":\"ImageObject\",\"inLanguage\":\"ca\",\"@id\":\"https:\/\/jba.es\/ca\/producto\/aparato-caplast\/#primaryimage\",\"url\":\"https:\/\/jba.es\/wp-content\/uploads\/2024\/02\/778-1.png\",\"contentUrl\":\"https:\/\/jba.es\/wp-content\/uploads\/2024\/02\/778-1.png\",\"width\":3264,\"height\":4080},{\"@type\":\"BreadcrumbList\",\"@id\":\"https:\/\/jba.es\/ca\/producto\/aparato-caplast\/#breadcrumb\",\"itemListElement\":[{\"@type\":\"ListItem\",\"position\":1,\"name\":\"Home\",\"item\":\"https:\/\/jba.es\/ca\/\"},{\"@type\":\"ListItem\",\"position\":2,\"name\":\"Productos\",\"item\":\"https:\/\/jba.es\/ca\/productos\/\"},{\"@type\":\"ListItem\",\"position\":3,\"name\":\"Aparell Caplast\"}]},{\"@type\":\"WebSite\",\"@id\":\"https:\/\/jba.es\/#website\",\"url\":\"https:\/\/jba.es\/\",\"name\":\"Instruments J. Bot\",\"description\":\"fabricaci\u00f3n de aparatos para ensayos f\u00edsicos y control de calidad de materiales\",\"publisher\":{\"@id\":\"https:\/\/jba.es\/#organization\"},\"potentialAction\":[{\"@type\":\"SearchAction\",\"target\":{\"@type\":\"EntryPoint\",\"urlTemplate\":\"https:\/\/jba.es\/?s={search_term_string}\"},\"query-input\":\"required name=search_term_string\"}],\"inLanguage\":\"ca\"},{\"@type\":\"Organization\",\"@id\":\"https:\/\/jba.es\/#organization\",\"name\":\"Instruments J. Bot\",\"url\":\"https:\/\/jba.es\/\",\"logo\":{\"@type\":\"ImageObject\",\"inLanguage\":\"ca\",\"@id\":\"https:\/\/jba.es\/#\/schema\/logo\/image\/\",\"url\":\"https:\/\/jba.es\/wp-content\/uploads\/2023\/10\/logo_sense_fons-1.png\",\"contentUrl\":\"https:\/\/jba.es\/wp-content\/uploads\/2023\/10\/logo_sense_fons-1.png\",\"width\":224,\"height\":104,\"caption\":\"Instruments J. Bot\"},\"image\":{\"@id\":\"https:\/\/jba.es\/#\/schema\/logo\/image\/\"}}]}<\/script>\n<!-- \/ Yoast SEO plugin. -->","yoast_head_json":{"title":"Aparell Caplast - Instruments J. Bot","robots":{"index":"index","follow":"follow","max-snippet":"max-snippet:-1","max-image-preview":"max-image-preview:large","max-video-preview":"max-video-preview:-1"},"canonical":"https:\/\/jba.es\/ca\/producto\/aparato-caplast\/","og_locale":"ca_ES","og_type":"article","og_title":"Aparell Caplast - Instruments J. Bot","og_description":"Assaig de pressi\u00f3 a temperatura elevada per a materials d'a\u00efllament i coberta de cables el\u00e8ctrics.","og_url":"https:\/\/jba.es\/ca\/producto\/aparato-caplast\/","og_site_name":"Instruments J. Bot","article_modified_time":"2025-09-25T09:26:46+00:00","og_image":[{"width":3264,"height":4080,"url":"https:\/\/jba.es\/wp-content\/uploads\/2024\/02\/778-1.png","type":"image\/png"}],"twitter_card":"summary_large_image","twitter_misc":{"Temps estimat de lectura":"1 minut"},"schema":{"@context":"https:\/\/schema.org","@graph":[{"@type":"WebPage","@id":"https:\/\/jba.es\/ca\/producto\/aparato-caplast\/","url":"https:\/\/jba.es\/ca\/producto\/aparato-caplast\/","name":"Aparell Caplast - Instruments J. Bot","isPartOf":{"@id":"https:\/\/jba.es\/#website"},"primaryImageOfPage":{"@id":"https:\/\/jba.es\/ca\/producto\/aparato-caplast\/#primaryimage"},"image":{"@id":"https:\/\/jba.es\/ca\/producto\/aparato-caplast\/#primaryimage"},"thumbnailUrl":"https:\/\/jba.es\/wp-content\/uploads\/2024\/02\/778-1.png","datePublished":"2024-02-27T11:33:05+00:00","dateModified":"2025-09-25T09:26:46+00:00","breadcrumb":{"@id":"https:\/\/jba.es\/ca\/producto\/aparato-caplast\/#breadcrumb"},"inLanguage":"ca","potentialAction":[{"@type":"ReadAction","target":["https:\/\/jba.es\/ca\/producto\/aparato-caplast\/"]}]},{"@type":"ImageObject","inLanguage":"ca","@id":"https:\/\/jba.es\/ca\/producto\/aparato-caplast\/#primaryimage","url":"https:\/\/jba.es\/wp-content\/uploads\/2024\/02\/778-1.png","contentUrl":"https:\/\/jba.es\/wp-content\/uploads\/2024\/02\/778-1.png","width":3264,"height":4080},{"@type":"BreadcrumbList","@id":"https:\/\/jba.es\/ca\/producto\/aparato-caplast\/#breadcrumb","itemListElement":[{"@type":"ListItem","position":1,"name":"Home","item":"https:\/\/jba.es\/ca\/"},{"@type":"ListItem","position":2,"name":"Productos","item":"https:\/\/jba.es\/ca\/productos\/"},{"@type":"ListItem","position":3,"name":"Aparell Caplast"}]},{"@type":"WebSite","@id":"https:\/\/jba.es\/#website","url":"https:\/\/jba.es\/","name":"Instruments J. Bot","description":"fabricaci\u00f3n de aparatos para ensayos f\u00edsicos y control de calidad de materiales","publisher":{"@id":"https:\/\/jba.es\/#organization"},"potentialAction":[{"@type":"SearchAction","target":{"@type":"EntryPoint","urlTemplate":"https:\/\/jba.es\/?s={search_term_string}"},"query-input":"required name=search_term_string"}],"inLanguage":"ca"},{"@type":"Organization","@id":"https:\/\/jba.es\/#organization","name":"Instruments J. Bot","url":"https:\/\/jba.es\/","logo":{"@type":"ImageObject","inLanguage":"ca","@id":"https:\/\/jba.es\/#\/schema\/logo\/image\/","url":"https:\/\/jba.es\/wp-content\/uploads\/2023\/10\/logo_sense_fons-1.png","contentUrl":"https:\/\/jba.es\/wp-content\/uploads\/2023\/10\/logo_sense_fons-1.png","width":224,"height":104,"caption":"Instruments J. Bot"},"image":{"@id":"https:\/\/jba.es\/#\/schema\/logo\/image\/"}}]}},"_links":{"self":[{"href":"https:\/\/jba.es\/ca\/wp-json\/wp\/v2\/product\/2366"}],"collection":[{"href":"https:\/\/jba.es\/ca\/wp-json\/wp\/v2\/product"}],"about":[{"href":"https:\/\/jba.es\/ca\/wp-json\/wp\/v2\/types\/product"}],"replies":[{"embeddable":true,"href":"https:\/\/jba.es\/ca\/wp-json\/wp\/v2\/comments?post=2366"}],"wp:featuredmedia":[{"embeddable":true,"href":"https:\/\/jba.es\/ca\/wp-json\/wp\/v2\/media\/2136"}],"wp:attachment":[{"href":"https:\/\/jba.es\/ca\/wp-json\/wp\/v2\/media?parent=2366"}],"wp:term":[{"taxonomy":"product_cat","embeddable":true,"href":"https:\/\/jba.es\/ca\/wp-json\/wp\/v2\/product_cat?post=2366"},{"taxonomy":"product_tag","embeddable":true,"href":"https:\/\/jba.es\/ca\/wp-json\/wp\/v2\/product_tag?post=2366"}],"curies":[{"name":"wp","href":"https:\/\/api.w.org\/{rel}","templated":true}]}}