{"id":2328,"date":"2023-09-15T08:35:10","date_gmt":"2023-09-15T08:35:10","guid":{"rendered":"https:\/\/jba.es\/servicios\/"},"modified":"2025-09-08T10:34:11","modified_gmt":"2025-09-08T10:34:11","slug":"serveis","status":"publish","type":"page","link":"https:\/\/jba.es\/ca\/serveis\/","title":{"rendered":"Serveis"},"content":{"rendered":"<section class=\"wpb-content-wrapper\">[vc_section css=&#8221;.vc_custom_1695291084290{padding-top: 5% !important;padding-bottom: 5% !important;}&#8221;][vc_row column_spacing=&#8221;60&#8243;][vc_column width=&#8221;1\/2&#8243;]<div class=\"vcex-module vcex-icon-box vcex-icon-box-two wpex-block wpex-text-center caixa-serveis\"><div class=\"vcex-icon-box-symbol wpex-mb-20\"><img width=\"1000\" height=\"800\" src=\"https:\/\/jba.es\/wp-content\/uploads\/2023\/09\/img-servicios-1.jpg\" class=\"vcex-icon-box-image wpex-align-middle\" alt=\"\" loading=\"lazy\" decoding=\"async\" srcset=\"https:\/\/jba.es\/wp-content\/uploads\/2023\/09\/img-servicios-1.jpg 1000w, https:\/\/jba.es\/wp-content\/uploads\/2023\/09\/img-servicios-1-300x240.jpg 300w, https:\/\/jba.es\/wp-content\/uploads\/2023\/09\/img-servicios-1-768x614.jpg 768w\" sizes=\"(max-width: 1000px) 100vw, 1000px\" \/><\/div><div class=\"vcex-icon-box-text\"><h4 class=\"vcex-icon-box-heading wpex-heading wpex-text-md wpex-mb-10\" style=\"color:#20214d;--wpex-hover-heading-link-color:#20214d;font-size:22px;margin-bottom:15px;text-transform:uppercase;\">Servei t\u00e8cnic<\/h4><div class=\"vcex-icon-box-content wpex-last-mb-0 wpex-clr\" style=\"color:#20214d;font-size:14px;\"><p style=\"text-align: justify\">Podemos oferir-li <strong>suport t\u00e8cnic integral de qualsevol dels nostres equips<\/strong>, tant en l&#8217;\u00e0rea mec\u00e0nica com <strong>inform\u00e0tica o electr\u00f2nica<\/strong>, assistint-li telef\u00f2nicament o amb la possibilitat de fer-ho via remota.<\/p>\n<\/div><\/div><\/div>[\/vc_column][vc_column width=&#8221;1\/2&#8243;]<div class=\"vcex-module vcex-icon-box vcex-icon-box-two wpex-block wpex-text-center caixa-serveis\"><div class=\"vcex-icon-box-symbol wpex-mb-20\"><img width=\"1000\" height=\"800\" src=\"https:\/\/jba.es\/wp-content\/uploads\/2024\/01\/calibracion.jpg\" class=\"vcex-icon-box-image wpex-align-middle\" alt=\"\" loading=\"lazy\" decoding=\"async\" srcset=\"https:\/\/jba.es\/wp-content\/uploads\/2024\/01\/calibracion.jpg 1000w, https:\/\/jba.es\/wp-content\/uploads\/2024\/01\/calibracion-300x240.jpg 300w, https:\/\/jba.es\/wp-content\/uploads\/2024\/01\/calibracion-768x614.jpg 768w, https:\/\/jba.es\/wp-content\/uploads\/2024\/01\/calibracion-600x480.jpg 600w\" sizes=\"(max-width: 1000px) 100vw, 1000px\" \/><\/div><div class=\"vcex-icon-box-text\"><h4 class=\"vcex-icon-box-heading wpex-heading wpex-text-md wpex-mb-10\" style=\"color:#20214d;--wpex-hover-heading-link-color:#20214d;font-size:22px;margin-bottom:15px;text-transform:uppercase;\">Calibratge<\/h4><div class=\"vcex-icon-box-content wpex-last-mb-0 wpex-clr\" style=\"color:#20214d;font-size:14px;\"><p style=\"text-align: justify\">La nostra <strong>experi\u00e8ncia en el camp dels calibratges<\/strong> comen\u00e7a a la fi de la d\u00e8cada dels anys 70 amb l&#8217;objectiu de verificar els sistemes de mesura utilitzats en els nostres equips. Com a fabricants <strong>tenim la possibilitat<\/strong>, a difer\u00e8ncia d&#8217;altres serveis de calibratge, de realitzar l&#8217;<strong>ajust del seu sistema de mesura<\/strong>. Els camps principals on desenvolupem el nostre servei s\u00f3n <strong>For\u00e7a, Pesatge, Dimensional i Temperatura<\/strong>, utilitzant per a aix\u00f2 <strong>equips patr\u00f3 amb tra\u00e7abilitat\u00a0Enac<\/strong>.<\/p>\n<\/div><\/div><\/div>[\/vc_column][\/vc_row][vc_row column_spacing=&#8221;60&#8243;][vc_column width=&#8221;1\/2&#8243;]<div class=\"vcex-module vcex-icon-box vcex-icon-box-two wpex-block wpex-text-center caixa-serveis\"><div class=\"vcex-icon-box-symbol wpex-mb-20\"><img width=\"1000\" height=\"800\" src=\"https:\/\/jba.es\/wp-content\/uploads\/2024\/01\/a-medida.jpg\" class=\"vcex-icon-box-image wpex-align-middle\" alt=\"\" loading=\"lazy\" decoding=\"async\" srcset=\"https:\/\/jba.es\/wp-content\/uploads\/2024\/01\/a-medida.jpg 1000w, https:\/\/jba.es\/wp-content\/uploads\/2024\/01\/a-medida-300x240.jpg 300w, https:\/\/jba.es\/wp-content\/uploads\/2024\/01\/a-medida-768x614.jpg 768w, https:\/\/jba.es\/wp-content\/uploads\/2024\/01\/a-medida-600x480.jpg 600w\" sizes=\"(max-width: 1000px) 100vw, 1000px\" \/><\/div><div class=\"vcex-icon-box-text\"><h4 class=\"vcex-icon-box-heading wpex-heading wpex-text-md wpex-mb-10\" style=\"color:#20214d;--wpex-hover-heading-link-color:#20214d;font-size:22px;margin-bottom:15px;text-transform:uppercase;\">Equips a mesura<\/h4><div class=\"vcex-icon-box-content wpex-last-mb-0 wpex-clr\" style=\"color:#20214d;font-size:14px;\"><section class=\"formulari-eines contingut-section\">\n<div class=\"traductor-textarea form-group\">\n<div class=\"textarea-desti col-xs-12 col-sm-6\">\n<div class=\"form-control second-textarea\">La nostra capacitat per al <strong>disseny mec\u00e0nic, electr\u00f2nic i inform\u00e0tic<\/strong>, ens permet evolucionar de manera \u00e0gil i adaptar-nos a les necessitats dels nostres clients, aix\u00ed com a l&#8217;aparici\u00f3 de <strong>nous productes, aplicacions i normes<\/strong>.<\/div>\n<\/div>\n<\/div>\n<\/section>\n<\/div><\/div><\/div>[\/vc_column][vc_column width=&#8221;1\/2&#8243;]<div class=\"vcex-module vcex-icon-box vcex-icon-box-two wpex-block wpex-text-center caixa-serveis\"><div class=\"vcex-icon-box-symbol wpex-mb-20\"><img width=\"1000\" height=\"800\" src=\"https:\/\/jba.es\/wp-content\/uploads\/2024\/01\/mantenimiento.jpg\" class=\"vcex-icon-box-image wpex-align-middle\" alt=\"\" loading=\"lazy\" decoding=\"async\" srcset=\"https:\/\/jba.es\/wp-content\/uploads\/2024\/01\/mantenimiento.jpg 1000w, https:\/\/jba.es\/wp-content\/uploads\/2024\/01\/mantenimiento-300x240.jpg 300w, https:\/\/jba.es\/wp-content\/uploads\/2024\/01\/mantenimiento-768x614.jpg 768w, https:\/\/jba.es\/wp-content\/uploads\/2024\/01\/mantenimiento-600x480.jpg 600w\" sizes=\"(max-width: 1000px) 100vw, 1000px\" \/><\/div><div class=\"vcex-icon-box-text\"><h4 class=\"vcex-icon-box-heading wpex-heading wpex-text-md wpex-mb-10\" style=\"color:#20214d;--wpex-hover-heading-link-color:#20214d;font-size:22px;margin-bottom:15px;text-transform:uppercase;\">Assessorament personalitzat<\/h4><div class=\"vcex-icon-box-content wpex-last-mb-0 wpex-clr\" style=\"color:#20214d;font-size:14px;\"><section class=\"formulari-eines contingut-section\">\n<div class=\"traductor-textarea form-group\">\n<div class=\"textarea-desti col-xs-12 col-sm-6\">\n<div class=\"form-control second-textarea\">La nostra <strong>directa relaci\u00f3 fabricadora-usuari<\/strong> i el nostre <strong>servei post-venda<\/strong>, avalat per la nostra llarga experi\u00e8ncia, \u00e9s un <strong>factor molt important a tenir en compte per a garantir un bon assessorament<\/strong> aix\u00ed com les seves necessitats de present i futur.<\/div>\n<\/div>\n<\/div>\n<\/section>\n<\/div><\/div><\/div>[\/vc_column][\/vc_row][\/vc_section][vc_row remove_bottom_col_margin=&#8221;true&#8221;][vc_column]<div class=\"templatera_shortcode\"><style type=\"text\/css\" data-type=\"vc_shortcodes-custom-css\">.vc_custom_1705047938305{border-top-width: 1px !important;border-bottom-width: 1px !important;padding-top: 90px !important;padding-bottom: 90px !important;background-color: #f5f5f5 !important;border-top-color: #ededed !important;border-top-style: solid !important;border-bottom-color: #ededed !important;border-bottom-style: solid !important;}.vc_custom_1757324462636{padding-bottom: 15px !important;}<\/style>[vc_row full_width=\"stretch_row\" parallax=\"content-moving\" parallax_image=\"647\" parallax_speed_bg=\"1.6\" wpex_bg_overlay=\"dark\" remove_bottom_col_margin=\"true\" css=\".vc_custom_1705047938305{border-top-width: 1px !important;border-bottom-width: 1px !important;padding-top: 90px !important;padding-bottom: 90px !important;background-color: #f5f5f5 !important;border-top-color: #ededed !important;border-top-style: solid !important;border-bottom-color: #ededed !important;border-bottom-style: solid !important;}\" wpex_bg_overlay_color=\"#000000\" wpex_bg_overlay_opacity=\"0.65\"][vc_column]<style>.vcex-heading.vcex_69f4022c1c440{width:600px;color:#ffffff;font-size:32px;font-weight:400;text-transform:uppercase;}<\/style><h2 class=\"vcex-heading vcex-heading-plain vcex-module wpex-text-2xl wpex-font-normal wpex-text-center wpex-max-w-100 wpex-mx-auto vc_custom_1757324462636 vcex_69f4022c1c440\"><span class=\"vcex-heading-inner wpex-inline-block\">NECESSITA M\u00c9S INFORMACI\u00d3 SOBRE LES NOSTRES M\u00c0QUINES?<\/span><\/h2>[vc_column_text text_align=\"center\" font_weight=\"300\" color=\"#ffffff\" font_size=\"18px\" width=\"700px\"]\r\n<p style=\"text-align: center;\">Podem realitzar demostracions de les nostres m\u00e0quines d'assajos, aix\u00ed com dels seus accessoris en les nostres instal\u00b7lacions. Contacti amb nosaltres i l'assessorarem en el que necessiti.<\/p>\r\n[\/vc_column_text]<div class=\"vcex-spacing wpex-w-100 wpex-clear\"><\/div><div class=\"theme-button-wrap textcenter wpex-clr\"><a href=\"\/ca\/contacte\/\" class=\"vcex-button theme-button align-center inline\" style=\"background:rgba(255,255,255,0.01);color:#ffffff;border:1px solid #ffffff;font-size:16px;font-weight:400;\" data-wpex-hover='{&quot;background&quot;:&quot;#ffffff&quot;,&quot;color&quot;:&quot;#1f214e&quot;}' title=\"Contacte\" rel=\"nofollow\"><span class=\"vcex-button-inner theme-button-inner\">Contacti amb nosaltres<span class=\"vcex-button-icon vcex-icon-wrap theme-button-icon-right\"><span class=\"ticon ticon-long-arrow-right\" aria-hidden=\"true\"><\/span><\/span><\/span><\/a><\/div> [\/vc_column][\/vc_row]<\/div>[\/vc_column][\/vc_row]\n<\/section>","protected":false},"excerpt":{"rendered":"<p>[vc_section css=&#8221;.vc_custom_1695291084290{padding-top: 5% !important;padding-bottom: 5% !important;}&#8221;][vc_row column_spacing=&#8221;60&#8243;][vc_column width=&#8221;1\/2&#8243;][\/vc_column][vc_column width=&#8221;1\/2&#8243;][\/vc_column][\/vc_row][vc_row column_spacing=&#8221;60&#8243;][vc_column width=&#8221;1\/2&#8243;][\/vc_column][vc_column width=&#8221;1\/2&#8243;][\/vc_column][\/vc_row][\/vc_section][vc_row remove_bottom_col_margin=&#8221;true&#8221;][vc_column][\/vc_column][\/vc_row]<\/p>\n","protected":false},"author":2,"featured_media":0,"parent":0,"menu_order":0,"comment_status":"closed","ping_status":"closed","template":"","meta":{"_acf_changed":false,"footnotes":""},"acf":[],"yoast_head":"<!-- This site is optimized with the Yoast SEO plugin v22.2 - https:\/\/yoast.com\/wordpress\/plugins\/seo\/ -->\n<title>Serveis - Instruments J. Bot<\/title>\n<meta name=\"robots\" content=\"index, follow, max-snippet:-1, max-image-preview:large, max-video-preview:-1\" \/>\n<link rel=\"canonical\" href=\"https:\/\/jba.es\/ca\/serveis\/\" \/>\n<meta property=\"og:locale\" content=\"ca_ES\" \/>\n<meta property=\"og:type\" content=\"article\" \/>\n<meta property=\"og:title\" content=\"Serveis - Instruments J. Bot\" \/>\n<meta property=\"og:description\" content=\"[vc_section css=&#8221;.vc_custom_1695291084290{padding-top: 5% !important;padding-bottom: 5% !important;}&#8221;][vc_row column_spacing=&#8221;60&#8243;][vc_column width=&#8221;1\/2&#8243;][\/vc_column][vc_column width=&#8221;1\/2&#8243;][\/vc_column][\/vc_row][vc_row column_spacing=&#8221;60&#8243;][vc_column width=&#8221;1\/2&#8243;][\/vc_column][vc_column width=&#8221;1\/2&#8243;][\/vc_column][\/vc_row][\/vc_section][vc_row remove_bottom_col_margin=&#8221;true&#8221;][vc_column][\/vc_column][\/vc_row]\" \/>\n<meta property=\"og:url\" content=\"https:\/\/jba.es\/ca\/serveis\/\" \/>\n<meta property=\"og:site_name\" content=\"Instruments J. Bot\" \/>\n<meta property=\"article:modified_time\" content=\"2025-09-08T10:34:11+00:00\" \/>\n<meta name=\"twitter:card\" content=\"summary_large_image\" \/>\n<meta name=\"twitter:label1\" content=\"Temps estimat de lectura\" \/>\n\t<meta name=\"twitter:data1\" content=\"2 minuts\" \/>\n<script type=\"application\/ld+json\" class=\"yoast-schema-graph\">{\"@context\":\"https:\/\/schema.org\",\"@graph\":[{\"@type\":\"WebPage\",\"@id\":\"https:\/\/jba.es\/ca\/serveis\/\",\"url\":\"https:\/\/jba.es\/ca\/serveis\/\",\"name\":\"Serveis - Instruments J. Bot\",\"isPartOf\":{\"@id\":\"https:\/\/jba.es\/#website\"},\"datePublished\":\"2023-09-15T08:35:10+00:00\",\"dateModified\":\"2025-09-08T10:34:11+00:00\",\"breadcrumb\":{\"@id\":\"https:\/\/jba.es\/ca\/serveis\/#breadcrumb\"},\"inLanguage\":\"ca\",\"potentialAction\":[{\"@type\":\"ReadAction\",\"target\":[\"https:\/\/jba.es\/ca\/serveis\/\"]}]},{\"@type\":\"BreadcrumbList\",\"@id\":\"https:\/\/jba.es\/ca\/serveis\/#breadcrumb\",\"itemListElement\":[{\"@type\":\"ListItem\",\"position\":1,\"name\":\"Home\",\"item\":\"https:\/\/jba.es\/ca\/\"},{\"@type\":\"ListItem\",\"position\":2,\"name\":\"Serveis\"}]},{\"@type\":\"WebSite\",\"@id\":\"https:\/\/jba.es\/#website\",\"url\":\"https:\/\/jba.es\/\",\"name\":\"Instruments J. Bot\",\"description\":\"fabricaci\u00f3n de aparatos para ensayos f\u00edsicos y control de calidad de materiales\",\"publisher\":{\"@id\":\"https:\/\/jba.es\/#organization\"},\"potentialAction\":[{\"@type\":\"SearchAction\",\"target\":{\"@type\":\"EntryPoint\",\"urlTemplate\":\"https:\/\/jba.es\/?s={search_term_string}\"},\"query-input\":\"required name=search_term_string\"}],\"inLanguage\":\"ca\"},{\"@type\":\"Organization\",\"@id\":\"https:\/\/jba.es\/#organization\",\"name\":\"Instruments J. Bot\",\"url\":\"https:\/\/jba.es\/\",\"logo\":{\"@type\":\"ImageObject\",\"inLanguage\":\"ca\",\"@id\":\"https:\/\/jba.es\/#\/schema\/logo\/image\/\",\"url\":\"https:\/\/jba.es\/wp-content\/uploads\/2023\/10\/logo_sense_fons-1.png\",\"contentUrl\":\"https:\/\/jba.es\/wp-content\/uploads\/2023\/10\/logo_sense_fons-1.png\",\"width\":224,\"height\":104,\"caption\":\"Instruments J. Bot\"},\"image\":{\"@id\":\"https:\/\/jba.es\/#\/schema\/logo\/image\/\"}}]}<\/script>\n<!-- \/ Yoast SEO plugin. -->","yoast_head_json":{"title":"Serveis - Instruments J. Bot","robots":{"index":"index","follow":"follow","max-snippet":"max-snippet:-1","max-image-preview":"max-image-preview:large","max-video-preview":"max-video-preview:-1"},"canonical":"https:\/\/jba.es\/ca\/serveis\/","og_locale":"ca_ES","og_type":"article","og_title":"Serveis - Instruments J. Bot","og_description":"[vc_section css=&#8221;.vc_custom_1695291084290{padding-top: 5% !important;padding-bottom: 5% !important;}&#8221;][vc_row column_spacing=&#8221;60&#8243;][vc_column width=&#8221;1\/2&#8243;][\/vc_column][vc_column width=&#8221;1\/2&#8243;][\/vc_column][\/vc_row][vc_row column_spacing=&#8221;60&#8243;][vc_column width=&#8221;1\/2&#8243;][\/vc_column][vc_column width=&#8221;1\/2&#8243;][\/vc_column][\/vc_row][\/vc_section][vc_row remove_bottom_col_margin=&#8221;true&#8221;][vc_column][\/vc_column][\/vc_row]","og_url":"https:\/\/jba.es\/ca\/serveis\/","og_site_name":"Instruments J. Bot","article_modified_time":"2025-09-08T10:34:11+00:00","twitter_card":"summary_large_image","twitter_misc":{"Temps estimat de lectura":"2 minuts"},"schema":{"@context":"https:\/\/schema.org","@graph":[{"@type":"WebPage","@id":"https:\/\/jba.es\/ca\/serveis\/","url":"https:\/\/jba.es\/ca\/serveis\/","name":"Serveis - Instruments J. Bot","isPartOf":{"@id":"https:\/\/jba.es\/#website"},"datePublished":"2023-09-15T08:35:10+00:00","dateModified":"2025-09-08T10:34:11+00:00","breadcrumb":{"@id":"https:\/\/jba.es\/ca\/serveis\/#breadcrumb"},"inLanguage":"ca","potentialAction":[{"@type":"ReadAction","target":["https:\/\/jba.es\/ca\/serveis\/"]}]},{"@type":"BreadcrumbList","@id":"https:\/\/jba.es\/ca\/serveis\/#breadcrumb","itemListElement":[{"@type":"ListItem","position":1,"name":"Home","item":"https:\/\/jba.es\/ca\/"},{"@type":"ListItem","position":2,"name":"Serveis"}]},{"@type":"WebSite","@id":"https:\/\/jba.es\/#website","url":"https:\/\/jba.es\/","name":"Instruments J. Bot","description":"fabricaci\u00f3n de aparatos para ensayos f\u00edsicos y control de calidad de materiales","publisher":{"@id":"https:\/\/jba.es\/#organization"},"potentialAction":[{"@type":"SearchAction","target":{"@type":"EntryPoint","urlTemplate":"https:\/\/jba.es\/?s={search_term_string}"},"query-input":"required name=search_term_string"}],"inLanguage":"ca"},{"@type":"Organization","@id":"https:\/\/jba.es\/#organization","name":"Instruments J. Bot","url":"https:\/\/jba.es\/","logo":{"@type":"ImageObject","inLanguage":"ca","@id":"https:\/\/jba.es\/#\/schema\/logo\/image\/","url":"https:\/\/jba.es\/wp-content\/uploads\/2023\/10\/logo_sense_fons-1.png","contentUrl":"https:\/\/jba.es\/wp-content\/uploads\/2023\/10\/logo_sense_fons-1.png","width":224,"height":104,"caption":"Instruments J. Bot"},"image":{"@id":"https:\/\/jba.es\/#\/schema\/logo\/image\/"}}]}},"_links":{"self":[{"href":"https:\/\/jba.es\/ca\/wp-json\/wp\/v2\/pages\/2328"}],"collection":[{"href":"https:\/\/jba.es\/ca\/wp-json\/wp\/v2\/pages"}],"about":[{"href":"https:\/\/jba.es\/ca\/wp-json\/wp\/v2\/types\/page"}],"author":[{"embeddable":true,"href":"https:\/\/jba.es\/ca\/wp-json\/wp\/v2\/users\/2"}],"replies":[{"embeddable":true,"href":"https:\/\/jba.es\/ca\/wp-json\/wp\/v2\/comments?post=2328"}],"version-history":[{"count":5,"href":"https:\/\/jba.es\/ca\/wp-json\/wp\/v2\/pages\/2328\/revisions"}],"predecessor-version":[{"id":3429,"href":"https:\/\/jba.es\/ca\/wp-json\/wp\/v2\/pages\/2328\/revisions\/3429"}],"wp:attachment":[{"href":"https:\/\/jba.es\/ca\/wp-json\/wp\/v2\/media?parent=2328"}],"curies":[{"name":"wp","href":"https:\/\/api.w.org\/{rel}","templated":true}]}}