{"id":2324,"date":"2023-09-13T09:44:35","date_gmt":"2023-09-13T09:44:35","guid":{"rendered":"https:\/\/jba.es\/empresa\/"},"modified":"2025-09-08T10:42:15","modified_gmt":"2025-09-08T10:42:15","slug":"empresa","status":"publish","type":"page","link":"https:\/\/jba.es\/ca\/empresa\/","title":{"rendered":"Empresa"},"content":{"rendered":"<section class=\"wpb-content-wrapper\">[vc_section css_animation=&#8221;fadeIn&#8221; css=&#8221;.vc_custom_1695288704694{padding-top: 4% !important;padding-bottom: 6% !important;}&#8221;][vc_row remove_bottom_col_margin=&#8221;true&#8221;][vc_column width=&#8221;1\/2&#8243;]<style>.vcex-heading.vcex_69f40243ebad9{color:#20214d;font-size:25px;font-weight:600;}<\/style><h4 class=\"vcex-heading vcex-heading-plain vcex-module wpex-text-2xl wpex-font-normal vcex_69f40243ebad9\"><span class=\"vcex-heading-inner wpex-inline-block\">Tradici\u00f3 i Experi\u00e8ncia<\/span><\/h4><div class=\"vcex-spacing wpex-w-100 wpex-clear\" style=\"height:30px;\"><\/div>[vc_column_text font_size=&#8221;15px&#8221; line_height=&#8221;relaxed&#8221;]\n<p style=\"text-align: justify;\">Des de fa m\u00e9s de <strong>80 anys<\/strong> la nostra empresa est\u00e0 <strong>especialitzada en la fabricaci\u00f3 d&#8217;aparells per a assajos f\u00edsics<\/strong> i control de qualitat de materials.<\/p>\n[\/vc_column_text]<div class=\"vcex-spacing wpex-w-100 wpex-clear\" style=\"height:15px;\"><\/div>[vc_column_text font_size=&#8221;15px&#8221; line_height=&#8221;relaxed&#8221;]\n<p style=\"text-align: justify;\">Iniciada l&#8217;any 1939 per <strong>Jaume Bot i Arenas<\/strong> en la ind\u00fastria t\u00e8xtil, ja en els anys 50 es van fabricar els primers aparells per a la ind\u00fastria paperera i posteriorment en els anys 60 els destinats a les ind\u00fastries de pells i adobats, elast\u00f2mers, pl\u00e0stics i metalls, a conseq\u00fc\u00e8ncia de les exig\u00e8ncies en el control de qualitat de la ind\u00fastria.<\/p>\n[\/vc_column_text]<div class=\"vcex-spacing wpex-w-100 wpex-clear\" style=\"height:15px;\"><\/div>[vc_column_text font_size=&#8221;15px&#8221; line_height=&#8221;relaxed&#8221;]\n<section class=\"formulari-eines contingut-section\">\n<form class=\"formulari form-horizontal\" data-gtm-form-interact-id=\"0\">\n<div class=\"traductor-textarea form-group\">\n<div class=\"textarea-desti col-xs-12 col-sm-6\">\n<div class=\"form-control second-textarea\">El nostre directe contacte amb els problemes de la ind\u00fastria ens va portar en els anys 70 i 80 a la fabricaci\u00f3 de multitud d&#8217;aparells espec\u00edfics segons necessitats concretes, aix\u00ed com al desenvolupament d&#8217;una nova l\u00ednia per a assajos de reacci\u00f3 al foc a fi de cobrir les noves normatives dictades en mat\u00e8ria de seguretat en instal\u00b7lacions i edificis p\u00fablics. La irrupci\u00f3 en els anys 90 de la inform\u00e0tica va obrir la possibilitat de l&#8217;adquisici\u00f3 digital de dades, tecnologia que actualment segueix en cont\u00ednua evoluci\u00f3.<\/div>\n<\/div>\n<\/div>\n<\/form>\n<\/section>\n<section class=\"contingut-section\"><\/section>\n[\/vc_column_text][\/vc_column][vc_column width=&#8221;1\/2&#8243;]<figure class=\"vcex-image vcex-module  wpb_animate_when_almost_visible wpb_fadeIn fadeIn\"><div class=\"vcex-image-inner wpex-relative wpex-inline-block\"><img width=\"800\" height=\"657\" src=\"https:\/\/jba.es\/wp-content\/uploads\/2023\/09\/about-home-2.jpg\" class=\"vcex-image-img wpex-align-middle\" alt=\"\" loading=\"lazy\" decoding=\"async\" srcset=\"https:\/\/jba.es\/wp-content\/uploads\/2023\/09\/about-home-2.jpg 800w, https:\/\/jba.es\/wp-content\/uploads\/2023\/09\/about-home-2-300x246.jpg 300w, https:\/\/jba.es\/wp-content\/uploads\/2023\/09\/about-home-2-768x631.jpg 768w, https:\/\/jba.es\/wp-content\/uploads\/2023\/09\/about-home-2-600x493.jpg 600w\" sizes=\"(max-width: 800px) 100vw, 800px\" \/><\/div><\/figure>[\/vc_column][\/vc_row][\/vc_section][vc_section css=&#8221;.vc_custom_1695287447758{padding-bottom: 8% !important;}&#8221;][vc_row][vc_column width=&#8221;1\/2&#8243;]<div class=\"vcex-module vcex-icon-box vcex-icon-box-five wpex-block vcex-icon-box-wo-icon wpex-p-50 wpex-text-center wpex-surface-2 icon-box-about\"><div class=\"vcex-icon-box-text\"><h4 class=\"vcex-icon-box-heading wpex-heading wpex-text-md wpex-mb-10\" style=\"font-weight:600;color:#20214d;--wpex-hover-heading-link-color:#20214d;font-size:25px;margin-bottom:30px;\">Els nostres equips<\/h4><div class=\"vcex-icon-box-content wpex-last-mb-0 wpex-clr\" style=\"font-size:15px;\"><p style=\"text-align: justify\">Com a producte rellevant, la <strong>M\u00e0quina Universal d&#8217;Assajos<\/strong> per a la determinaci\u00f3 de la resist\u00e8ncia a la tracci\u00f3, a la compressi\u00f3, a la flexi\u00f3, etc., \u00e9s el denominador com\u00fa de tots els materials. Evolucionant amb la tecnologia i amb els temps,\u00a0<strong>JBA<\/strong>, en la seva tercera generaci\u00f3 des de la seva fundaci\u00f3, <strong>cobreix des de la petita M\u00e0quina per a determinar l&#8217;adhesi\u00f3 o fricci\u00f3 fins a Bancs d&#8217;assajos horitzontals per a assajos de cordes, eslingues, etc<\/strong>. Aix\u00ed mateix una extensa gamma d&#8217;equips per a la realitzaci\u00f3 d&#8217;assajos normalitzats, com ara: abrasi\u00f3, impacte, porositat, duresa, gruix, flexi\u00f3, etc.<\/p>\n<\/div><\/div><\/div>[\/vc_column][vc_column width=&#8221;1\/2&#8243;]<div class=\"vcex-module vcex-icon-box vcex-icon-box-five wpex-block vcex-icon-box-wo-icon wpex-p-50 wpex-text-center wpex-surface-2 icon-box-about\"><div class=\"vcex-icon-box-text\"><h3 class=\"vcex-icon-box-heading wpex-heading wpex-text-md wpex-mb-10\" style=\"font-weight:600;color:#20214d;--wpex-hover-heading-link-color:#20214d;font-size:25px;margin-bottom:30px;\">Solucions a mesura<\/h3><div class=\"vcex-icon-box-content wpex-last-mb-0 wpex-clr\" style=\"font-size:15px;\"><p><em>La complexitat del mercat obliga les empreses a <strong>con\u00e8ixer les m\u00e0ximes caracter\u00edstiques t\u00e8cniques dels seus productes<\/strong>, a fi de poder prendre <strong>decisions amb la m\u00e0xima rapidesa i seguretat<\/strong>.<\/em><\/p>\n<p><em>La nostra capacitat per al disseny mec\u00e0nic, electr\u00f2nic i inform\u00e0tic, <strong>ens permet evolucionar de manera \u00e0gil i adaptar-nos a les necessitats dels nostres clients<\/strong>, aix\u00ed com a l&#8217;aparici\u00f3 de nous productes, aplicacions i normes.<\/em><\/p>\n<\/div><\/div><\/div>[\/vc_column][\/vc_row][vc_row remove_bottom_col_margin=&#8221;true&#8221; css=&#8221;.vc_custom_1695632804615{padding-top: 50px !important;padding-right: 50px !important;padding-bottom: 50px !important;padding-left: 50px !important;background-color: #f7f7f7 !important;}&#8221;][vc_column]<style>.vcex-heading.vcex_69f40243f0366{color:#1f214e;font-size:24px;font-weight:600;}<\/style><h4 class=\"vcex-heading vcex-heading-plain vcex-module wpex-text-2xl wpex-font-normal wpex-text-center vcex_69f40243f0366\"><span class=\"vcex-heading-inner wpex-inline-block\">Clients en m\u00e9s de 40 pa\u00efsos<\/span><\/h4><div class=\"vcex-spacing wpex-w-100 wpex-clear\"><\/div><figure class=\"vcex-image vcex-module\"><div class=\"vcex-image-inner wpex-relative wpex-inline-block wpex-image-hover grow\"><a href=\"#\" target=\"_blank\" rel=\"noopener noreferrer\"><img width=\"1920\" height=\"1056\" src=\"https:\/\/jba.es\/wp-content\/uploads\/2023\/12\/mapa-home-bo.png\" class=\"vcex-image-img wpex-align-middle\" alt=\"\" loading=\"lazy\" decoding=\"async\" srcset=\"https:\/\/jba.es\/wp-content\/uploads\/2023\/12\/mapa-home-bo.png 1920w, https:\/\/jba.es\/wp-content\/uploads\/2023\/12\/mapa-home-bo-300x165.png 300w, https:\/\/jba.es\/wp-content\/uploads\/2023\/12\/mapa-home-bo-1024x563.png 1024w, https:\/\/jba.es\/wp-content\/uploads\/2023\/12\/mapa-home-bo-768x422.png 768w, https:\/\/jba.es\/wp-content\/uploads\/2023\/12\/mapa-home-bo-1536x845.png 1536w, https:\/\/jba.es\/wp-content\/uploads\/2023\/12\/mapa-home-bo-600x330.png 600w\" sizes=\"(max-width: 1920px) 100vw, 1920px\" \/><\/a><\/div><\/figure>[\/vc_column][\/vc_row][vc_row disable_element=&#8221;yes&#8221; css=&#8221;.vc_custom_1708085901069{margin-top: 3% !important;}&#8221;][vc_column]<style>.vcex-image-banner.vcex_69f40243f24ee{min-height:450px;}.vcex-image-banner.vcex_69f40243f24ee .vcex-ib-overlay-bg{background-color:#ffffff;opacity:0.8;}.vcex-image-banner.vcex_69f40243f24ee .vcex-ib-border{border-width:1px;border-color:#20214d;}.vcex-image-banner.vcex_69f40243f24ee .vcex-ib-title{padding-bottom:30px;color:#20214d;font-size:25px;font-weight:600;}.vcex-image-banner.vcex_69f40243f24ee .vcex-ib-caption{color:#20214d;font-size:15px;}.vcex-image-banner.vcex_69f40243f24ee .vcex-ib-img{transition-duration:1.9s;}<\/style><div class=\"vcex-module vcex-image-banner wpex-flex wpex-flex-col wpex-w-100 wpex-justify-center wpex-relative wpex-overflow-hidden wpex-bg-gray-900 wpex-text-white wpex-hover-text-white wpex-text-center vcex-h-zoom wpex-isolate vcex_69f40243f24ee\"><span class=\"vcex-ib-img wpex-block wpex-transition-all wpex-duration-500 wpex-bg-cover wpex-absolute wpex-inset-0\" style=\"background-image:url(https:\/\/jba.es\/wp-content\/uploads\/2023\/09\/parallax-atencion-cliente.jpg);\"><\/span><div class=\"vcex-ib-overlay wpex-absolute wpex-inset-0 wpex-transition-all wpex-duration-500\"><div class=\"vcex-ib-overlay-bg wpex-absolute wpex-inset-0 wpex-bg-black wpex-opacity-30\"><\/div><\/div><div class=\"vcex-ib-border wpex-absolute wpex-inset-0 wpex-m-0 wpex-border wpex-border-solid wpex-pointer-events-none wpex-transition-all wpex-duration-500 wpex-border-white\"><\/div><div class=\"vcex-ib-content-wrap wpex-w-100 wpex-transition-all wpex-duration-500 wpex-relative\" style=\"padding:60px;\"><div class=\"vcex-ib-content wpex-mx-auto\" style=\"max-width:700px;\"><h4 class=\"vcex-ib-title wpex-heading\">Atenci\u00f3n al Cliente<\/h4><div class=\"vcex-ib-caption wpex-text-lg wpex-last-mb-0\">Nuestra directa relaci\u00f3n fabricante-usuario y nuestro servicio post-venta (mantenimiento, calibraci\u00f3n, actualizaciones, \u2026) avalado por nuestra larga experiencia, es un factor muy importante a tener en cuenta para garantizar el buen funcionamiento de su Laboratorio de ensayos, as\u00ed como sus necesidades de futuro.<\/div><\/div><\/div><\/div>[\/vc_column][\/vc_row][\/vc_section][vc_row remove_bottom_col_margin=&#8221;true&#8221;][vc_column]<div class=\"templatera_shortcode\"><style type=\"text\/css\" data-type=\"vc_shortcodes-custom-css\">.vc_custom_1705047938305{border-top-width: 1px !important;border-bottom-width: 1px !important;padding-top: 90px !important;padding-bottom: 90px !important;background-color: #f5f5f5 !important;border-top-color: #ededed !important;border-top-style: solid !important;border-bottom-color: #ededed !important;border-bottom-style: solid !important;}.vc_custom_1757324462636{padding-bottom: 15px !important;}<\/style>[vc_row full_width=\"stretch_row\" parallax=\"content-moving\" parallax_image=\"647\" parallax_speed_bg=\"1.6\" wpex_bg_overlay=\"dark\" remove_bottom_col_margin=\"true\" css=\".vc_custom_1705047938305{border-top-width: 1px !important;border-bottom-width: 1px !important;padding-top: 90px !important;padding-bottom: 90px !important;background-color: #f5f5f5 !important;border-top-color: #ededed !important;border-top-style: solid !important;border-bottom-color: #ededed !important;border-bottom-style: solid !important;}\" wpex_bg_overlay_color=\"#000000\" wpex_bg_overlay_opacity=\"0.65\"][vc_column]<style>.vcex-heading.vcex_69f40244017ba{width:600px;color:#ffffff;font-size:32px;font-weight:400;text-transform:uppercase;}<\/style><h2 class=\"vcex-heading vcex-heading-plain vcex-module wpex-text-2xl wpex-font-normal wpex-text-center wpex-max-w-100 wpex-mx-auto vc_custom_1757324462636 vcex_69f40244017ba\"><span class=\"vcex-heading-inner wpex-inline-block\">NECESSITA M\u00c9S INFORMACI\u00d3 SOBRE LES NOSTRES M\u00c0QUINES?<\/span><\/h2>[vc_column_text text_align=\"center\" font_weight=\"300\" color=\"#ffffff\" font_size=\"18px\" width=\"700px\"]\r\n<p style=\"text-align: center;\">Podem realitzar demostracions de les nostres m\u00e0quines d'assajos, aix\u00ed com dels seus accessoris en les nostres instal\u00b7lacions. Contacti amb nosaltres i l'assessorarem en el que necessiti.<\/p>\r\n[\/vc_column_text]<div class=\"vcex-spacing wpex-w-100 wpex-clear\"><\/div><div class=\"theme-button-wrap textcenter wpex-clr\"><a href=\"\/ca\/contacte\/\" class=\"vcex-button theme-button align-center inline\" style=\"background:rgba(255,255,255,0.01);color:#ffffff;border:1px solid #ffffff;font-size:16px;font-weight:400;\" data-wpex-hover='{&quot;background&quot;:&quot;#ffffff&quot;,&quot;color&quot;:&quot;#1f214e&quot;}' title=\"Contacte\" rel=\"nofollow\"><span class=\"vcex-button-inner theme-button-inner\">Contacti amb nosaltres<span class=\"vcex-button-icon vcex-icon-wrap theme-button-icon-right\"><span class=\"ticon ticon-long-arrow-right\" aria-hidden=\"true\"><\/span><\/span><\/span><\/a><\/div> [\/vc_column][\/vc_row]<\/div>[\/vc_column][\/vc_row]\n<\/section>","protected":false},"excerpt":{"rendered":"<p>[vc_section css_animation=&#8221;fadeIn&#8221; css=&#8221;.vc_custom_1695288704694{padding-top: 4% !important;padding-bottom: 6% !important;}&#8221;][vc_row remove_bottom_col_margin=&#8221;true&#8221;][vc_column width=&#8221;1\/2&#8243;][vc_column_text font_size=&#8221;15px&#8221; line_height=&#8221;relaxed&#8221;] Des de fa m\u00e9s de 80 anys la nostra empresa est\u00e0 especialitzada en la fabricaci\u00f3 d&#8217;aparells per a assajos f\u00edsics i control de qualitat de materials. [\/vc_column_text][vc_column_text font_size=&#8221;15px&#8221; line_height=&#8221;relaxed&#8221;] Iniciada l&#8217;any 1939 per Jaume Bot i Arenas en la ind\u00fastria t\u00e8xtil, ja en els&hellip;<\/p>\n","protected":false},"author":2,"featured_media":0,"parent":0,"menu_order":0,"comment_status":"closed","ping_status":"closed","template":"","meta":{"_acf_changed":false,"footnotes":""},"acf":[],"yoast_head":"<!-- This site is optimized with the Yoast SEO plugin v22.2 - https:\/\/yoast.com\/wordpress\/plugins\/seo\/ -->\n<title>Empresa - Instruments J. Bot<\/title>\n<meta name=\"robots\" content=\"index, follow, max-snippet:-1, max-image-preview:large, max-video-preview:-1\" \/>\n<link rel=\"canonical\" href=\"https:\/\/jba.es\/ca\/empresa\/\" \/>\n<meta property=\"og:locale\" content=\"ca_ES\" \/>\n<meta property=\"og:type\" content=\"article\" \/>\n<meta property=\"og:title\" content=\"Empresa - Instruments J. Bot\" \/>\n<meta property=\"og:description\" content=\"[vc_section css_animation=&#8221;fadeIn&#8221; css=&#8221;.vc_custom_1695288704694{padding-top: 4% !important;padding-bottom: 6% !important;}&#8221;][vc_row remove_bottom_col_margin=&#8221;true&#8221;][vc_column width=&#8221;1\/2&#8243;][vc_column_text font_size=&#8221;15px&#8221; line_height=&#8221;relaxed&#8221;] Des de fa m\u00e9s de 80 anys la nostra empresa est\u00e0 especialitzada en la fabricaci\u00f3 d&#8217;aparells per a assajos f\u00edsics i control de qualitat de materials. [\/vc_column_text][vc_column_text font_size=&#8221;15px&#8221; line_height=&#8221;relaxed&#8221;] Iniciada l&#8217;any 1939 per Jaume Bot i Arenas en la ind\u00fastria t\u00e8xtil, ja en els&hellip;\" \/>\n<meta property=\"og:url\" content=\"https:\/\/jba.es\/ca\/empresa\/\" \/>\n<meta property=\"og:site_name\" content=\"Instruments J. Bot\" \/>\n<meta property=\"article:modified_time\" content=\"2025-09-08T10:42:15+00:00\" \/>\n<meta name=\"twitter:card\" content=\"summary_large_image\" \/>\n<meta name=\"twitter:label1\" content=\"Temps estimat de lectura\" \/>\n\t<meta name=\"twitter:data1\" content=\"3 minuts\" \/>\n<script type=\"application\/ld+json\" class=\"yoast-schema-graph\">{\"@context\":\"https:\/\/schema.org\",\"@graph\":[{\"@type\":\"WebPage\",\"@id\":\"https:\/\/jba.es\/ca\/empresa\/\",\"url\":\"https:\/\/jba.es\/ca\/empresa\/\",\"name\":\"Empresa - Instruments J. Bot\",\"isPartOf\":{\"@id\":\"https:\/\/jba.es\/#website\"},\"datePublished\":\"2023-09-13T09:44:35+00:00\",\"dateModified\":\"2025-09-08T10:42:15+00:00\",\"breadcrumb\":{\"@id\":\"https:\/\/jba.es\/ca\/empresa\/#breadcrumb\"},\"inLanguage\":\"ca\",\"potentialAction\":[{\"@type\":\"ReadAction\",\"target\":[\"https:\/\/jba.es\/ca\/empresa\/\"]}]},{\"@type\":\"BreadcrumbList\",\"@id\":\"https:\/\/jba.es\/ca\/empresa\/#breadcrumb\",\"itemListElement\":[{\"@type\":\"ListItem\",\"position\":1,\"name\":\"Home\",\"item\":\"https:\/\/jba.es\/ca\/\"},{\"@type\":\"ListItem\",\"position\":2,\"name\":\"Empresa\"}]},{\"@type\":\"WebSite\",\"@id\":\"https:\/\/jba.es\/#website\",\"url\":\"https:\/\/jba.es\/\",\"name\":\"Instruments J. Bot\",\"description\":\"fabricaci\u00f3n de aparatos para ensayos f\u00edsicos y control de calidad de materiales\",\"publisher\":{\"@id\":\"https:\/\/jba.es\/#organization\"},\"potentialAction\":[{\"@type\":\"SearchAction\",\"target\":{\"@type\":\"EntryPoint\",\"urlTemplate\":\"https:\/\/jba.es\/?s={search_term_string}\"},\"query-input\":\"required name=search_term_string\"}],\"inLanguage\":\"ca\"},{\"@type\":\"Organization\",\"@id\":\"https:\/\/jba.es\/#organization\",\"name\":\"Instruments J. Bot\",\"url\":\"https:\/\/jba.es\/\",\"logo\":{\"@type\":\"ImageObject\",\"inLanguage\":\"ca\",\"@id\":\"https:\/\/jba.es\/#\/schema\/logo\/image\/\",\"url\":\"https:\/\/jba.es\/wp-content\/uploads\/2023\/10\/logo_sense_fons-1.png\",\"contentUrl\":\"https:\/\/jba.es\/wp-content\/uploads\/2023\/10\/logo_sense_fons-1.png\",\"width\":224,\"height\":104,\"caption\":\"Instruments J. Bot\"},\"image\":{\"@id\":\"https:\/\/jba.es\/#\/schema\/logo\/image\/\"}}]}<\/script>\n<!-- \/ Yoast SEO plugin. -->","yoast_head_json":{"title":"Empresa - Instruments J. Bot","robots":{"index":"index","follow":"follow","max-snippet":"max-snippet:-1","max-image-preview":"max-image-preview:large","max-video-preview":"max-video-preview:-1"},"canonical":"https:\/\/jba.es\/ca\/empresa\/","og_locale":"ca_ES","og_type":"article","og_title":"Empresa - Instruments J. Bot","og_description":"[vc_section css_animation=&#8221;fadeIn&#8221; css=&#8221;.vc_custom_1695288704694{padding-top: 4% !important;padding-bottom: 6% !important;}&#8221;][vc_row remove_bottom_col_margin=&#8221;true&#8221;][vc_column width=&#8221;1\/2&#8243;][vc_column_text font_size=&#8221;15px&#8221; line_height=&#8221;relaxed&#8221;] Des de fa m\u00e9s de 80 anys la nostra empresa est\u00e0 especialitzada en la fabricaci\u00f3 d&#8217;aparells per a assajos f\u00edsics i control de qualitat de materials. [\/vc_column_text][vc_column_text font_size=&#8221;15px&#8221; line_height=&#8221;relaxed&#8221;] Iniciada l&#8217;any 1939 per Jaume Bot i Arenas en la ind\u00fastria t\u00e8xtil, ja en els&hellip;","og_url":"https:\/\/jba.es\/ca\/empresa\/","og_site_name":"Instruments J. Bot","article_modified_time":"2025-09-08T10:42:15+00:00","twitter_card":"summary_large_image","twitter_misc":{"Temps estimat de lectura":"3 minuts"},"schema":{"@context":"https:\/\/schema.org","@graph":[{"@type":"WebPage","@id":"https:\/\/jba.es\/ca\/empresa\/","url":"https:\/\/jba.es\/ca\/empresa\/","name":"Empresa - Instruments J. Bot","isPartOf":{"@id":"https:\/\/jba.es\/#website"},"datePublished":"2023-09-13T09:44:35+00:00","dateModified":"2025-09-08T10:42:15+00:00","breadcrumb":{"@id":"https:\/\/jba.es\/ca\/empresa\/#breadcrumb"},"inLanguage":"ca","potentialAction":[{"@type":"ReadAction","target":["https:\/\/jba.es\/ca\/empresa\/"]}]},{"@type":"BreadcrumbList","@id":"https:\/\/jba.es\/ca\/empresa\/#breadcrumb","itemListElement":[{"@type":"ListItem","position":1,"name":"Home","item":"https:\/\/jba.es\/ca\/"},{"@type":"ListItem","position":2,"name":"Empresa"}]},{"@type":"WebSite","@id":"https:\/\/jba.es\/#website","url":"https:\/\/jba.es\/","name":"Instruments J. Bot","description":"fabricaci\u00f3n de aparatos para ensayos f\u00edsicos y control de calidad de materiales","publisher":{"@id":"https:\/\/jba.es\/#organization"},"potentialAction":[{"@type":"SearchAction","target":{"@type":"EntryPoint","urlTemplate":"https:\/\/jba.es\/?s={search_term_string}"},"query-input":"required name=search_term_string"}],"inLanguage":"ca"},{"@type":"Organization","@id":"https:\/\/jba.es\/#organization","name":"Instruments J. Bot","url":"https:\/\/jba.es\/","logo":{"@type":"ImageObject","inLanguage":"ca","@id":"https:\/\/jba.es\/#\/schema\/logo\/image\/","url":"https:\/\/jba.es\/wp-content\/uploads\/2023\/10\/logo_sense_fons-1.png","contentUrl":"https:\/\/jba.es\/wp-content\/uploads\/2023\/10\/logo_sense_fons-1.png","width":224,"height":104,"caption":"Instruments J. Bot"},"image":{"@id":"https:\/\/jba.es\/#\/schema\/logo\/image\/"}}]}},"_links":{"self":[{"href":"https:\/\/jba.es\/ca\/wp-json\/wp\/v2\/pages\/2324"}],"collection":[{"href":"https:\/\/jba.es\/ca\/wp-json\/wp\/v2\/pages"}],"about":[{"href":"https:\/\/jba.es\/ca\/wp-json\/wp\/v2\/types\/page"}],"author":[{"embeddable":true,"href":"https:\/\/jba.es\/ca\/wp-json\/wp\/v2\/users\/2"}],"replies":[{"embeddable":true,"href":"https:\/\/jba.es\/ca\/wp-json\/wp\/v2\/comments?post=2324"}],"version-history":[{"count":5,"href":"https:\/\/jba.es\/ca\/wp-json\/wp\/v2\/pages\/2324\/revisions"}],"predecessor-version":[{"id":3439,"href":"https:\/\/jba.es\/ca\/wp-json\/wp\/v2\/pages\/2324\/revisions\/3439"}],"wp:attachment":[{"href":"https:\/\/jba.es\/ca\/wp-json\/wp\/v2\/media?parent=2324"}],"curies":[{"name":"wp","href":"https:\/\/api.w.org\/{rel}","templated":true}]}}