{"id":2322,"date":"2023-09-13T10:28:31","date_gmt":"2023-09-13T10:28:31","guid":{"rendered":"https:\/\/jba.es\/contacto\/"},"modified":"2025-09-08T10:43:42","modified_gmt":"2025-09-08T10:43:42","slug":"contacte","status":"publish","type":"page","link":"https:\/\/jba.es\/ca\/contacte\/","title":{"rendered":"Contacte"},"content":{"rendered":"<section class=\"wpb-content-wrapper\">[vc_section][vc_row column_spacing=&#8221;60&#8243; bg_style=&#8221;stretch&#8221; css=&#8221;.vc_custom_1691396182639{padding-top: 80px !important;padding-bottom: 20px !important;}&#8221;][vc_column width=&#8221;1\/4&#8243;]<style>.vcex-heading.vcex_69f4022cce453{color:#20214d;font-size:18px;font-weight:700;text-transform:uppercase;}<\/style><h3 class=\"vcex-heading vcex-heading-plain vcex-module wpex-text-2xl wpex-font-normal wpex-text-left vcex_69f4022cce453\"><span class=\"vcex-heading-inner wpex-inline-block\">Dades de contacte<\/span><\/h3><div class=\"vcex-spacing wpex-w-100 wpex-clear\" style=\"height:15px;\"><\/div><div class=\"vcex-module vcex-divider vcex-divider-solid vcex-divider-center wpex-mx-auto wpex-block wpex-h-0 wpex-border-b wpex-border-solid wpex-border-main\" style=\"margin-top:20px;margin-bottom:20px;\"><\/div><style>.vcex-list_item.vcex_69f4022ccfe8d{font-size:15px;font-weight:400;color:#20214d;}.vcex-list_item.vcex_69f4022ccfe8d .vcex-list-item-icon-inner{color:#f4bf23;font-size:var(--vcex-icon-sm);}<\/style><div class=\"vcex-list_item vcex-module wpex-m-0 wpex-max-w-100 wpex-mb-5 textleft wpex-text-left vcex_69f4022ccfe8d\"><div class=\"vcex-list-item-inner wpex-inline-flex wpex-flex-no-wrap\"><div class=\"vcex-list-item-icon wpex-mr-10\"><div class=\"vcex-list-item-icon-inner vcex-icon-wrap wpex-inline-flex wpex-justify-center wpex-items-center wpex-leading-none wpex-child-inherit-color\"><span class=\"ticon ticon-location-arrow\" aria-hidden=\"true\"><\/span><\/div><\/div><div class=\"vcex-list-item-text vcex-content wpex-flex-grow\">C\/A, n\u00ba1 Zona Industrial Cabrils &#8211; 08348 Cabrils (Barcelona)<\/div><\/div><\/div><div class=\"vcex-module vcex-divider vcex-divider-solid vcex-divider-center wpex-mx-auto wpex-block wpex-h-0 wpex-border-b wpex-border-solid wpex-border-main\" style=\"margin-top:20px;margin-bottom:20px;\"><\/div><style>.vcex-list_item.vcex_69f4022cd0a65{font-size:15px;font-weight:400;color:#20214d;}.vcex-list_item.vcex_69f4022cd0a65 .vcex-list-item-icon-inner{color:#f4bf23;font-size:var(--vcex-icon-sm);}<\/style><div class=\"vcex-list_item vcex-module wpex-m-0 wpex-max-w-100 wpex-mb-5 textleft wpex-text-left vcex_69f4022cd0a65\"><div class=\"vcex-list-item-inner wpex-inline-flex wpex-flex-no-wrap\"><div class=\"vcex-list-item-icon wpex-mr-10\"><div class=\"vcex-list-item-icon-inner vcex-icon-wrap wpex-inline-flex wpex-justify-center wpex-items-center wpex-leading-none wpex-child-inherit-color\"><span class=\"ticon ticon-phone\" aria-hidden=\"true\"><\/span><\/div><\/div><div class=\"vcex-list-item-text vcex-content wpex-flex-grow\">+34 937 530 355<\/div><\/div><\/div><div class=\"vcex-module vcex-divider vcex-divider-solid vcex-divider-center wpex-mx-auto wpex-block wpex-h-0 wpex-border-b wpex-border-solid wpex-border-main\" style=\"margin-top:20px;margin-bottom:20px;\"><\/div><style>.vcex-list_item.vcex_69f4022cd1373{font-size:15px;font-weight:400;color:#20214d;}.vcex-list_item.vcex_69f4022cd1373 .vcex-list-item-icon-inner{color:#f4bf23;font-size:var(--vcex-icon-sm);}<\/style><div class=\"vcex-list_item vcex-module wpex-m-0 wpex-max-w-100 wpex-mb-5 textleft wpex-text-left vcex_69f4022cd1373\"><div class=\"vcex-list-item-inner wpex-inline-flex wpex-flex-no-wrap\"><div class=\"vcex-list-item-icon wpex-mr-10\"><div class=\"vcex-list-item-icon-inner vcex-icon-wrap wpex-inline-flex wpex-justify-center wpex-items-center wpex-leading-none wpex-child-inherit-color\"><span class=\"ticon ticon-envelope-o\" aria-hidden=\"true\"><\/span><\/div><\/div><div class=\"vcex-list-item-text vcex-content wpex-flex-grow\">dcomercial@jba.es<\/div><\/div><\/div>[\/vc_column][vc_column width=&#8221;3\/4&#8243;][vc_gmaps link=&#8221;#E-8_JTNDaWZyYW1lJTIwc3JjJTNEJTIyaHR0cHMlM0ElMkYlMkZ3d3cuZ29vZ2xlLmNvbSUyRm1hcHMlMkZlbWJlZCUzRnBiJTNEJTIxMW0xOCUyMTFtMTIlMjExbTMlMjExZDIwOTIuNDQ5ODM3MTAzMjYzMiUyMTJkMi4zNTg1NjcyMTE5OTQ4OTglMjEzZDQxLjUzMzYwMzI0OTMxNTY5NiUyMTJtMyUyMTFmMCUyMTJmMCUyMTNmMCUyMTNtMiUyMTFpMTAyNCUyMTJpNzY4JTIxNGYxMy4xJTIxM20zJTIxMW0yJTIxMXMweDEyYTRiN2QwYmU3M2UzMzklMjUzQTB4OWFkZjA1NzE1YTNmOTYzNSUyMTJzSW5zdHJ1bWVudHMlMjUyMEouQm90JTI1MkNTLkEuJTIxNWUwJTIxM20yJTIxMXNlcyUyMTJzdXMlMjE0djE2OTQ2MDExNjY1MDclMjE1bTIlMjExc2VzJTIxMnN1cyUyMiUyMHdpZHRoJTNEJTIyNjAwJTIyJTIwaGVpZ2h0JTNEJTIyNDUwJTIyJTIwc3R5bGUlM0QlMjJib3JkZXIlM0EwJTNCJTIyJTIwYWxsb3dmdWxsc2NyZWVuJTNEJTIyJTIyJTIwbG9hZGluZyUzRCUyMmxhenklMjIlMjByZWZlcnJlcnBvbGljeSUzRCUyMm5vLXJlZmVycmVyLXdoZW4tZG93bmdyYWRlJTIyJTNFJTNDJTJGaWZyYW1lJTNF&#8221; size=&#8221;330&#8243; type=&#8221;m&#8221; zoom=&#8221;14&#8243;][\/vc_column][\/vc_row][\/vc_section][vc_section full_width=&#8221;stretch_row&#8221; css=&#8221;.vc_custom_1694601816855{padding-top: 6% !important;padding-bottom: 6% !important;background-color: #f6f6f6 !important;}&#8221;][vc_row remove_bottom_col_margin=&#8221;true&#8221;][vc_column]<style>.vcex-heading.vcex_69f4022cd1a66{color:#20214d;font-size:18px;font-weight:700;text-transform:uppercase;}<\/style><h3 class=\"vcex-heading vcex-heading-plain vcex-module wpex-text-2xl wpex-font-normal wpex-text-left vcex_69f4022cd1a66\"><span class=\"vcex-heading-inner wpex-inline-block\">Formulari de contacte<\/span><\/h3><div class=\"vcex-spacing wpex-w-100 wpex-clear\" style=\"height:15px;\"><\/div>\n<div class=\"wpcf7 no-js\" id=\"wpcf7-f3417-o1\" lang=\"ca\" dir=\"ltr\">\n<div class=\"screen-reader-response\"><p role=\"status\" aria-live=\"polite\" aria-atomic=\"true\"><\/p> <ul><\/ul><\/div>\n<form action=\"\/ca\/wp-json\/wp\/v2\/pages\/2322#wpcf7-f3417-o1\" method=\"post\" class=\"wpcf7-form init\" aria-label=\"Formulari de contacte\" novalidate=\"novalidate\" data-status=\"init\">\n<div style=\"display: none;\">\n<input type=\"hidden\" name=\"_wpcf7\" value=\"3417\" \/>\n<input type=\"hidden\" name=\"_wpcf7_version\" value=\"5.9.2\" \/>\n<input type=\"hidden\" name=\"_wpcf7_locale\" value=\"ca\" \/>\n<input type=\"hidden\" name=\"_wpcf7_unit_tag\" value=\"wpcf7-f3417-o1\" \/>\n<input type=\"hidden\" name=\"_wpcf7_container_post\" value=\"0\" \/>\n<input type=\"hidden\" name=\"_wpcf7_posted_data_hash\" value=\"\" \/>\n<input type=\"hidden\" name=\"_wpcf7_recaptcha_response\" value=\"\" \/>\n<\/div>\n<div class=\"camp-text\">\n\t<p><span class=\"wpcf7-form-control-wrap\" data-name=\"nombre\"><input size=\"40\" class=\"wpcf7-form-control wpcf7-text wpcf7-validates-as-required\" aria-required=\"true\" aria-invalid=\"false\" placeholder=\"Nom i cognoms*\" value=\"\" type=\"text\" name=\"nombre\" \/><\/span>\n\t<\/p>\n<\/div>\n<div class=\"camp-text\">\n\t<p><span class=\"wpcf7-form-control-wrap\" data-name=\"email\"><input size=\"40\" class=\"wpcf7-form-control wpcf7-email wpcf7-validates-as-required wpcf7-text wpcf7-validates-as-email\" aria-required=\"true\" aria-invalid=\"false\" placeholder=\"Email*\" value=\"\" type=\"email\" name=\"email\" \/><\/span>\n\t<\/p>\n<\/div>\n<div class=\"camp-text\">\n\t<p><span class=\"wpcf7-form-control-wrap\" data-name=\"telefono\"><input size=\"40\" class=\"wpcf7-form-control wpcf7-tel wpcf7-validates-as-required wpcf7-text wpcf7-validates-as-tel\" aria-required=\"true\" aria-invalid=\"false\" placeholder=\"Tel\u00e8fon*\" value=\"\" type=\"tel\" name=\"telefono\" \/><\/span>\n\t<\/p>\n<\/div>\n<div class=\"camp-text\">\n\t<p><span class=\"wpcf7-form-control-wrap\" data-name=\"mensaje\"><textarea cols=\"40\" rows=\"10\" class=\"wpcf7-form-control wpcf7-textarea\" aria-invalid=\"false\" placeholder=\"Missatge\" name=\"mensaje\"><\/textarea><\/span>\n\t<\/p>\n<\/div>\n<p><span class=\"text-form-gdpr\"><span class=\"wpcf7-form-control-wrap\" data-name=\"acceptance-279\"><span class=\"wpcf7-form-control wpcf7-acceptance\"><span class=\"wpcf7-list-item\"><input type=\"checkbox\" name=\"acceptance-279\" value=\"1\" aria-invalid=\"false\" \/><\/span><\/span><\/span> He llegit i accepto l'<a target=\"_blank\" rel=\"nofollow noopener noreferrer\" href=\"\/ca\/avis-legal\/\">Av\u00eds Legal<\/a> i la <a target=\"_blank\" rel=\"nofollow noopener noreferrer\" href=\"\/ca\/politica-de-privacitat\/\">Pol\u00edtica de Privacitat<\/a>.<\/span>\n<\/p>\n<p><input class=\"wpcf7-form-control wpcf7-submit has-spinner\" type=\"submit\" value=\"ENVIAR\" \/>\n<\/p><p style=\"display: none !important;\" class=\"akismet-fields-container\" data-prefix=\"_wpcf7_ak_\"><label>&#916;<textarea name=\"_wpcf7_ak_hp_textarea\" cols=\"45\" rows=\"8\" maxlength=\"100\"><\/textarea><\/label><input type=\"hidden\" id=\"ak_js_1\" name=\"_wpcf7_ak_js\" value=\"60\"\/><script>document.getElementById( \"ak_js_1\" ).setAttribute( \"value\", ( new Date() ).getTime() );<\/script><\/p><div class=\"wpcf7-response-output\" aria-hidden=\"true\"><\/div>\n<\/form>\n<\/div>\n[\/vc_column][\/vc_row][\/vc_section][vc_row remove_bottom_col_margin=&#8221;true&#8221;][vc_column]<div class=\"templatera_shortcode\"><style type=\"text\/css\" data-type=\"vc_shortcodes-custom-css\">.vc_custom_1705047938305{border-top-width: 1px !important;border-bottom-width: 1px !important;padding-top: 90px !important;padding-bottom: 90px !important;background-color: #f5f5f5 !important;border-top-color: #ededed !important;border-top-style: solid !important;border-bottom-color: #ededed !important;border-bottom-style: solid !important;}.vc_custom_1757324462636{padding-bottom: 15px !important;}<\/style>[vc_row full_width=\"stretch_row\" parallax=\"content-moving\" parallax_image=\"647\" parallax_speed_bg=\"1.6\" wpex_bg_overlay=\"dark\" remove_bottom_col_margin=\"true\" css=\".vc_custom_1705047938305{border-top-width: 1px !important;border-bottom-width: 1px !important;padding-top: 90px !important;padding-bottom: 90px !important;background-color: #f5f5f5 !important;border-top-color: #ededed !important;border-top-style: solid !important;border-bottom-color: #ededed !important;border-bottom-style: solid !important;}\" wpex_bg_overlay_color=\"#000000\" wpex_bg_overlay_opacity=\"0.65\"][vc_column]<style>.vcex-heading.vcex_69f4022cd5bc0{width:600px;color:#ffffff;font-size:32px;font-weight:400;text-transform:uppercase;}<\/style><h2 class=\"vcex-heading vcex-heading-plain vcex-module wpex-text-2xl wpex-font-normal wpex-text-center wpex-max-w-100 wpex-mx-auto vc_custom_1757324462636 vcex_69f4022cd5bc0\"><span class=\"vcex-heading-inner wpex-inline-block\">NECESSITA M\u00c9S INFORMACI\u00d3 SOBRE LES NOSTRES M\u00c0QUINES?<\/span><\/h2>[vc_column_text text_align=\"center\" font_weight=\"300\" color=\"#ffffff\" font_size=\"18px\" width=\"700px\"]\r\n<p style=\"text-align: center;\">Podem realitzar demostracions de les nostres m\u00e0quines d'assajos, aix\u00ed com dels seus accessoris en les nostres instal\u00b7lacions. Contacti amb nosaltres i l'assessorarem en el que necessiti.<\/p>\r\n[\/vc_column_text]<div class=\"vcex-spacing wpex-w-100 wpex-clear\"><\/div><div class=\"theme-button-wrap textcenter wpex-clr\"><a href=\"\/ca\/contacte\/\" class=\"vcex-button theme-button align-center inline\" style=\"background:rgba(255,255,255,0.01);color:#ffffff;border:1px solid #ffffff;font-size:16px;font-weight:400;\" data-wpex-hover='{&quot;background&quot;:&quot;#ffffff&quot;,&quot;color&quot;:&quot;#1f214e&quot;}' title=\"Contacte\" rel=\"nofollow\"><span class=\"vcex-button-inner theme-button-inner\">Contacti amb nosaltres<span class=\"vcex-button-icon vcex-icon-wrap theme-button-icon-right\"><span class=\"ticon ticon-long-arrow-right\" aria-hidden=\"true\"><\/span><\/span><\/span><\/a><\/div> [\/vc_column][\/vc_row]<\/div>[\/vc_column][\/vc_row]\n<\/section>","protected":false},"excerpt":{"rendered":"<p>[vc_section][vc_row column_spacing=&#8221;60&#8243; bg_style=&#8221;stretch&#8221; css=&#8221;.vc_custom_1691396182639{padding-top: 80px !important;padding-bottom: 20px !important;}&#8221;][vc_column width=&#8221;1\/4&#8243;][\/vc_column][vc_column width=&#8221;3\/4&#8243;][vc_gmaps link=&#8221;#E-8_JTNDaWZyYW1lJTIwc3JjJTNEJTIyaHR0cHMlM0ElMkYlMkZ3d3cuZ29vZ2xlLmNvbSUyRm1hcHMlMkZlbWJlZCUzRnBiJTNEJTIxMW0xOCUyMTFtMTIlMjExbTMlMjExZDIwOTIuNDQ5ODM3MTAzMjYzMiUyMTJkMi4zNTg1NjcyMTE5OTQ4OTglMjEzZDQxLjUzMzYwMzI0OTMxNTY5NiUyMTJtMyUyMTFmMCUyMTJmMCUyMTNmMCUyMTNtMiUyMTFpMTAyNCUyMTJpNzY4JTIxNGYxMy4xJTIxM20zJTIxMW0yJTIxMXMweDEyYTRiN2QwYmU3M2UzMzklMjUzQTB4OWFkZjA1NzE1YTNmOTYzNSUyMTJzSW5zdHJ1bWVudHMlMjUyMEouQm90JTI1MkNTLkEuJTIxNWUwJTIxM20yJTIxMXNlcyUyMTJzdXMlMjE0djE2OTQ2MDExNjY1MDclMjE1bTIlMjExc2VzJTIxMnN1cyUyMiUyMHdpZHRoJTNEJTIyNjAwJTIyJTIwaGVpZ2h0JTNEJTIyNDUwJTIyJTIwc3R5bGUlM0QlMjJib3JkZXIlM0EwJTNCJTIyJTIwYWxsb3dmdWxsc2NyZWVuJTNEJTIyJTIyJTIwbG9hZGluZyUzRCUyMmxhenklMjIlMjByZWZlcnJlcnBvbGljeSUzRCUyMm5vLXJlZmVycmVyLXdoZW4tZG93bmdyYWRlJTIyJTNFJTNDJTJGaWZyYW1lJTNF&#8221; size=&#8221;330&#8243; type=&#8221;m&#8221; zoom=&#8221;14&#8243;][\/vc_column][\/vc_row][\/vc_section][vc_section full_width=&#8221;stretch_row&#8221; css=&#8221;.vc_custom_1694601816855{padding-top: 6% !important;padding-bottom: 6% !important;background-color: #f6f6f6 !important;}&#8221;][vc_row remove_bottom_col_margin=&#8221;true&#8221;][vc_column][\/vc_column][\/vc_row][\/vc_section][vc_row remove_bottom_col_margin=&#8221;true&#8221;][vc_column][\/vc_column][\/vc_row]<\/p>\n","protected":false},"author":2,"featured_media":0,"parent":0,"menu_order":0,"comment_status":"closed","ping_status":"closed","template":"","meta":{"_acf_changed":false,"footnotes":""},"acf":[],"yoast_head":"<!-- This site is optimized with the Yoast SEO plugin v22.2 - https:\/\/yoast.com\/wordpress\/plugins\/seo\/ -->\n<title>Contacte - Instruments J. Bot<\/title>\n<meta name=\"robots\" content=\"index, follow, max-snippet:-1, max-image-preview:large, max-video-preview:-1\" \/>\n<link rel=\"canonical\" href=\"https:\/\/jba.es\/ca\/contacte\/\" \/>\n<meta property=\"og:locale\" content=\"ca_ES\" \/>\n<meta property=\"og:type\" content=\"article\" \/>\n<meta property=\"og:title\" content=\"Contacte - Instruments J. Bot\" \/>\n<meta property=\"og:description\" content=\"[vc_section][vc_row column_spacing=&#8221;60&#8243; bg_style=&#8221;stretch&#8221; css=&#8221;.vc_custom_1691396182639{padding-top: 80px !important;padding-bottom: 20px !important;}&#8221;][vc_column width=&#8221;1\/4&#8243;][\/vc_column][vc_column width=&#8221;3\/4&#8243;][vc_gmaps link=&#8221;#E-8_JTNDaWZyYW1lJTIwc3JjJTNEJTIyaHR0cHMlM0ElMkYlMkZ3d3cuZ29vZ2xlLmNvbSUyRm1hcHMlMkZlbWJlZCUzRnBiJTNEJTIxMW0xOCUyMTFtMTIlMjExbTMlMjExZDIwOTIuNDQ5ODM3MTAzMjYzMiUyMTJkMi4zNTg1NjcyMTE5OTQ4OTglMjEzZDQxLjUzMzYwMzI0OTMxNTY5NiUyMTJtMyUyMTFmMCUyMTJmMCUyMTNmMCUyMTNtMiUyMTFpMTAyNCUyMTJpNzY4JTIxNGYxMy4xJTIxM20zJTIxMW0yJTIxMXMweDEyYTRiN2QwYmU3M2UzMzklMjUzQTB4OWFkZjA1NzE1YTNmOTYzNSUyMTJzSW5zdHJ1bWVudHMlMjUyMEouQm90JTI1MkNTLkEuJTIxNWUwJTIxM20yJTIxMXNlcyUyMTJzdXMlMjE0djE2OTQ2MDExNjY1MDclMjE1bTIlMjExc2VzJTIxMnN1cyUyMiUyMHdpZHRoJTNEJTIyNjAwJTIyJTIwaGVpZ2h0JTNEJTIyNDUwJTIyJTIwc3R5bGUlM0QlMjJib3JkZXIlM0EwJTNCJTIyJTIwYWxsb3dmdWxsc2NyZWVuJTNEJTIyJTIyJTIwbG9hZGluZyUzRCUyMmxhenklMjIlMjByZWZlcnJlcnBvbGljeSUzRCUyMm5vLXJlZmVycmVyLXdoZW4tZG93bmdyYWRlJTIyJTNFJTNDJTJGaWZyYW1lJTNF&#8221; size=&#8221;330&#8243; type=&#8221;m&#8221; zoom=&#8221;14&#8243;][\/vc_column][\/vc_row][\/vc_section][vc_section full_width=&#8221;stretch_row&#8221; css=&#8221;.vc_custom_1694601816855{padding-top: 6% !important;padding-bottom: 6% !important;background-color: #f6f6f6 !important;}&#8221;][vc_row remove_bottom_col_margin=&#8221;true&#8221;][vc_column][\/vc_column][\/vc_row][\/vc_section][vc_row remove_bottom_col_margin=&#8221;true&#8221;][vc_column][\/vc_column][\/vc_row]\" \/>\n<meta property=\"og:url\" content=\"https:\/\/jba.es\/ca\/contacte\/\" \/>\n<meta property=\"og:site_name\" content=\"Instruments J. Bot\" \/>\n<meta property=\"article:modified_time\" content=\"2025-09-08T10:43:42+00:00\" \/>\n<meta name=\"twitter:card\" content=\"summary_large_image\" \/>\n<meta name=\"twitter:label1\" content=\"Temps estimat de lectura\" \/>\n\t<meta name=\"twitter:data1\" content=\"1 minut\" \/>\n<script type=\"application\/ld+json\" class=\"yoast-schema-graph\">{\"@context\":\"https:\/\/schema.org\",\"@graph\":[{\"@type\":\"WebPage\",\"@id\":\"https:\/\/jba.es\/ca\/contacte\/\",\"url\":\"https:\/\/jba.es\/ca\/contacte\/\",\"name\":\"Contacte - Instruments J. Bot\",\"isPartOf\":{\"@id\":\"https:\/\/jba.es\/#website\"},\"datePublished\":\"2023-09-13T10:28:31+00:00\",\"dateModified\":\"2025-09-08T10:43:42+00:00\",\"breadcrumb\":{\"@id\":\"https:\/\/jba.es\/ca\/contacte\/#breadcrumb\"},\"inLanguage\":\"ca\",\"potentialAction\":[{\"@type\":\"ReadAction\",\"target\":[\"https:\/\/jba.es\/ca\/contacte\/\"]}]},{\"@type\":\"BreadcrumbList\",\"@id\":\"https:\/\/jba.es\/ca\/contacte\/#breadcrumb\",\"itemListElement\":[{\"@type\":\"ListItem\",\"position\":1,\"name\":\"Home\",\"item\":\"https:\/\/jba.es\/ca\/\"},{\"@type\":\"ListItem\",\"position\":2,\"name\":\"Contacte\"}]},{\"@type\":\"WebSite\",\"@id\":\"https:\/\/jba.es\/#website\",\"url\":\"https:\/\/jba.es\/\",\"name\":\"Instruments J. Bot\",\"description\":\"fabricaci\u00f3n de aparatos para ensayos f\u00edsicos y control de calidad de materiales\",\"publisher\":{\"@id\":\"https:\/\/jba.es\/#organization\"},\"potentialAction\":[{\"@type\":\"SearchAction\",\"target\":{\"@type\":\"EntryPoint\",\"urlTemplate\":\"https:\/\/jba.es\/?s={search_term_string}\"},\"query-input\":\"required name=search_term_string\"}],\"inLanguage\":\"ca\"},{\"@type\":\"Organization\",\"@id\":\"https:\/\/jba.es\/#organization\",\"name\":\"Instruments J. Bot\",\"url\":\"https:\/\/jba.es\/\",\"logo\":{\"@type\":\"ImageObject\",\"inLanguage\":\"ca\",\"@id\":\"https:\/\/jba.es\/#\/schema\/logo\/image\/\",\"url\":\"https:\/\/jba.es\/wp-content\/uploads\/2023\/10\/logo_sense_fons-1.png\",\"contentUrl\":\"https:\/\/jba.es\/wp-content\/uploads\/2023\/10\/logo_sense_fons-1.png\",\"width\":224,\"height\":104,\"caption\":\"Instruments J. Bot\"},\"image\":{\"@id\":\"https:\/\/jba.es\/#\/schema\/logo\/image\/\"}}]}<\/script>\n<!-- \/ Yoast SEO plugin. -->","yoast_head_json":{"title":"Contacte - Instruments J. Bot","robots":{"index":"index","follow":"follow","max-snippet":"max-snippet:-1","max-image-preview":"max-image-preview:large","max-video-preview":"max-video-preview:-1"},"canonical":"https:\/\/jba.es\/ca\/contacte\/","og_locale":"ca_ES","og_type":"article","og_title":"Contacte - Instruments J. Bot","og_description":"[vc_section][vc_row column_spacing=&#8221;60&#8243; bg_style=&#8221;stretch&#8221; css=&#8221;.vc_custom_1691396182639{padding-top: 80px !important;padding-bottom: 20px !important;}&#8221;][vc_column width=&#8221;1\/4&#8243;][\/vc_column][vc_column width=&#8221;3\/4&#8243;][vc_gmaps link=&#8221;#E-8_JTNDaWZyYW1lJTIwc3JjJTNEJTIyaHR0cHMlM0ElMkYlMkZ3d3cuZ29vZ2xlLmNvbSUyRm1hcHMlMkZlbWJlZCUzRnBiJTNEJTIxMW0xOCUyMTFtMTIlMjExbTMlMjExZDIwOTIuNDQ5ODM3MTAzMjYzMiUyMTJkMi4zNTg1NjcyMTE5OTQ4OTglMjEzZDQxLjUzMzYwMzI0OTMxNTY5NiUyMTJtMyUyMTFmMCUyMTJmMCUyMTNmMCUyMTNtMiUyMTFpMTAyNCUyMTJpNzY4JTIxNGYxMy4xJTIxM20zJTIxMW0yJTIxMXMweDEyYTRiN2QwYmU3M2UzMzklMjUzQTB4OWFkZjA1NzE1YTNmOTYzNSUyMTJzSW5zdHJ1bWVudHMlMjUyMEouQm90JTI1MkNTLkEuJTIxNWUwJTIxM20yJTIxMXNlcyUyMTJzdXMlMjE0djE2OTQ2MDExNjY1MDclMjE1bTIlMjExc2VzJTIxMnN1cyUyMiUyMHdpZHRoJTNEJTIyNjAwJTIyJTIwaGVpZ2h0JTNEJTIyNDUwJTIyJTIwc3R5bGUlM0QlMjJib3JkZXIlM0EwJTNCJTIyJTIwYWxsb3dmdWxsc2NyZWVuJTNEJTIyJTIyJTIwbG9hZGluZyUzRCUyMmxhenklMjIlMjByZWZlcnJlcnBvbGljeSUzRCUyMm5vLXJlZmVycmVyLXdoZW4tZG93bmdyYWRlJTIyJTNFJTNDJTJGaWZyYW1lJTNF&#8221; size=&#8221;330&#8243; type=&#8221;m&#8221; zoom=&#8221;14&#8243;][\/vc_column][\/vc_row][\/vc_section][vc_section full_width=&#8221;stretch_row&#8221; css=&#8221;.vc_custom_1694601816855{padding-top: 6% !important;padding-bottom: 6% !important;background-color: #f6f6f6 !important;}&#8221;][vc_row remove_bottom_col_margin=&#8221;true&#8221;][vc_column][\/vc_column][\/vc_row][\/vc_section][vc_row remove_bottom_col_margin=&#8221;true&#8221;][vc_column][\/vc_column][\/vc_row]","og_url":"https:\/\/jba.es\/ca\/contacte\/","og_site_name":"Instruments J. Bot","article_modified_time":"2025-09-08T10:43:42+00:00","twitter_card":"summary_large_image","twitter_misc":{"Temps estimat de lectura":"1 minut"},"schema":{"@context":"https:\/\/schema.org","@graph":[{"@type":"WebPage","@id":"https:\/\/jba.es\/ca\/contacte\/","url":"https:\/\/jba.es\/ca\/contacte\/","name":"Contacte - Instruments J. Bot","isPartOf":{"@id":"https:\/\/jba.es\/#website"},"datePublished":"2023-09-13T10:28:31+00:00","dateModified":"2025-09-08T10:43:42+00:00","breadcrumb":{"@id":"https:\/\/jba.es\/ca\/contacte\/#breadcrumb"},"inLanguage":"ca","potentialAction":[{"@type":"ReadAction","target":["https:\/\/jba.es\/ca\/contacte\/"]}]},{"@type":"BreadcrumbList","@id":"https:\/\/jba.es\/ca\/contacte\/#breadcrumb","itemListElement":[{"@type":"ListItem","position":1,"name":"Home","item":"https:\/\/jba.es\/ca\/"},{"@type":"ListItem","position":2,"name":"Contacte"}]},{"@type":"WebSite","@id":"https:\/\/jba.es\/#website","url":"https:\/\/jba.es\/","name":"Instruments J. Bot","description":"fabricaci\u00f3n de aparatos para ensayos f\u00edsicos y control de calidad de materiales","publisher":{"@id":"https:\/\/jba.es\/#organization"},"potentialAction":[{"@type":"SearchAction","target":{"@type":"EntryPoint","urlTemplate":"https:\/\/jba.es\/?s={search_term_string}"},"query-input":"required name=search_term_string"}],"inLanguage":"ca"},{"@type":"Organization","@id":"https:\/\/jba.es\/#organization","name":"Instruments J. Bot","url":"https:\/\/jba.es\/","logo":{"@type":"ImageObject","inLanguage":"ca","@id":"https:\/\/jba.es\/#\/schema\/logo\/image\/","url":"https:\/\/jba.es\/wp-content\/uploads\/2023\/10\/logo_sense_fons-1.png","contentUrl":"https:\/\/jba.es\/wp-content\/uploads\/2023\/10\/logo_sense_fons-1.png","width":224,"height":104,"caption":"Instruments J. Bot"},"image":{"@id":"https:\/\/jba.es\/#\/schema\/logo\/image\/"}}]}},"_links":{"self":[{"href":"https:\/\/jba.es\/ca\/wp-json\/wp\/v2\/pages\/2322"}],"collection":[{"href":"https:\/\/jba.es\/ca\/wp-json\/wp\/v2\/pages"}],"about":[{"href":"https:\/\/jba.es\/ca\/wp-json\/wp\/v2\/types\/page"}],"author":[{"embeddable":true,"href":"https:\/\/jba.es\/ca\/wp-json\/wp\/v2\/users\/2"}],"replies":[{"embeddable":true,"href":"https:\/\/jba.es\/ca\/wp-json\/wp\/v2\/comments?post=2322"}],"version-history":[{"count":3,"href":"https:\/\/jba.es\/ca\/wp-json\/wp\/v2\/pages\/2322\/revisions"}],"predecessor-version":[{"id":3440,"href":"https:\/\/jba.es\/ca\/wp-json\/wp\/v2\/pages\/2322\/revisions\/3440"}],"wp:attachment":[{"href":"https:\/\/jba.es\/ca\/wp-json\/wp\/v2\/media?parent=2322"}],"curies":[{"name":"wp","href":"https:\/\/api.w.org\/{rel}","templated":true}]}}